{"id":16169,"date":"2026-02-20T18:06:37","date_gmt":"2026-02-20T15:06:37","guid":{"rendered":"https:\/\/ozince.com\/magaza\/kategorilenmemis\/eurorepar-1684975980-opel-corsa-f-crossland-x-1-5-bluehdi-kizdirma-bujisi-takimi\/"},"modified":"2026-02-20T18:43:19","modified_gmt":"2026-02-20T15:43:19","slug":"eurorepar-1684975980-opel-corsa-f-crossland-x-1-5-bluehdi-kizdirma-bujisi-takimi","status":"publish","type":"product","link":"https:\/\/ozince.com\/magaza\/sensor-ve-elektrik-urunleri\/eurorepar-1684975980-opel-corsa-f-crossland-x-1-5-bluehdi-kizdirma-bujisi-takimi\/","title":{"rendered":"EUROREPAR 1684975980 OPEL CORSA F &#8211; CROSSLAND X 1.5 BLUEHD\u0130 KIZDIRMA BUJ\u0130S\u0130 TAKIMI"},"content":{"rendered":"<p>\u00dcR\u00dcN OPEL CORSA F \/ CROSSLAND X 1.5 D\u0130ZEL MODELLER\u0130NE UYGUNDUR. TAKIM F\u0130YATIDIR.<\/p>\n","protected":false},"excerpt":{"rendered":"<p>\u00dcR\u00dcN OPEL CORSA F \/ CROSSLAND X 1.5 D\u0130ZEL MODELLER\u0130NE UYGUNDUR. TAKIM F\u0130YATIDIR.<\/p>\n","protected":false},"featured_media":16180,"template":"","meta":[],"product_brand":[341],"product_cat":[374],"product_tag":[],"class_list":{"0":"post-16169","1":"product","2":"type-product","3":"status-publish","4":"has-post-thumbnail","6":"arac_markasi_modeli-corsa-f","7":"arac_markasi_modeli-crossland-x","8":"arac_markasi_modeli-opel","9":"product_brand-eurorepar","10":"product_cat-sensor-ve-elektrik-urunleri","12":"first","13":"instock","14":"taxable","15":"shipping-taxable","16":"purchasable","17":"product-type-simple"},"jetpack_sharing_enabled":true,"_links":{"self":[{"href":"https:\/\/ozince.com\/magaza\/wp-json\/wp\/v2\/product\/16169","targetHints":{"allow":["GET"]}}],"collection":[{"href":"https:\/\/ozince.com\/magaza\/wp-json\/wp\/v2\/product"}],"about":[{"href":"https:\/\/ozince.com\/magaza\/wp-json\/wp\/v2\/types\/product"}],"wp:featuredmedia":[{"embeddable":true,"href":"https:\/\/ozince.com\/magaza\/wp-json\/wp\/v2\/media\/16180"}],"wp:attachment":[{"href":"https:\/\/ozince.com\/magaza\/wp-json\/wp\/v2\/media?parent=16169"}],"wp:term":[{"taxonomy":"product_brand","embeddable":true,"href":"https:\/\/ozince.com\/magaza\/wp-json\/wp\/v2\/product_brand?post=16169"},{"taxonomy":"product_cat","embeddable":true,"href":"https:\/\/ozince.com\/magaza\/wp-json\/wp\/v2\/product_cat?post=16169"},{"taxonomy":"product_tag","embeddable":true,"href":"https:\/\/ozince.com\/magaza\/wp-json\/wp\/v2\/product_tag?post=16169"}],"curies":[{"name":"wp","href":"https:\/\/api.w.org\/{rel}","templated":true}]}}