{"id":16163,"date":"2026-02-20T18:06:33","date_gmt":"2026-02-20T15:06:33","guid":{"rendered":"https:\/\/ozince.com\/magaza\/kategorilenmemis\/bosch-0250403011-opel-insignia-a-2-0-dizel-kizdirma-bujisi-takim\/"},"modified":"2026-02-20T18:50:54","modified_gmt":"2026-02-20T15:50:54","slug":"bosch-0250403011-opel-insignia-a-2-0-dizel-kizdirma-bujisi-takim","status":"publish","type":"product","link":"https:\/\/ozince.com\/magaza\/sensor-ve-elektrik-urunleri\/bosch-0250403011-opel-insignia-a-2-0-dizel-kizdirma-bujisi-takim\/","title":{"rendered":"BOSCH 0250403011 OPEL \u0130NS\u0130GN\u0130A A 2.0 D\u0130ZEL KIZDIRMA BUJ\u0130S\u0130 TAKIM"},"content":{"rendered":"<p>\u00dcR\u00dcN OPEL \u0130NS\u0130GN\u0130A 2.0 D\u0130ZEL MODEL\u0130NE UYGUNDUR. TAKIM F\u0130YATIDIR.<\/p>\n","protected":false},"excerpt":{"rendered":"<p>\u00dcR\u00dcN OPEL \u0130NS\u0130GN\u0130A 2.0 D\u0130ZEL MODEL\u0130NE UYGUNDUR. TAKIM F\u0130YATIDIR.<\/p>\n","protected":false},"featured_media":16189,"template":"","meta":[],"product_brand":[190],"product_cat":[374],"product_tag":[],"class_list":{"0":"post-16163","1":"product","2":"type-product","3":"status-publish","4":"has-post-thumbnail","6":"arac_markasi_modeli-insignia-a","7":"arac_markasi_modeli-opel","8":"product_brand-bosch","9":"product_cat-sensor-ve-elektrik-urunleri","11":"first","12":"instock","13":"taxable","14":"shipping-taxable","15":"purchasable","16":"product-type-simple"},"jetpack_sharing_enabled":true,"_links":{"self":[{"href":"https:\/\/ozince.com\/magaza\/wp-json\/wp\/v2\/product\/16163","targetHints":{"allow":["GET"]}}],"collection":[{"href":"https:\/\/ozince.com\/magaza\/wp-json\/wp\/v2\/product"}],"about":[{"href":"https:\/\/ozince.com\/magaza\/wp-json\/wp\/v2\/types\/product"}],"wp:featuredmedia":[{"embeddable":true,"href":"https:\/\/ozince.com\/magaza\/wp-json\/wp\/v2\/media\/16189"}],"wp:attachment":[{"href":"https:\/\/ozince.com\/magaza\/wp-json\/wp\/v2\/media?parent=16163"}],"wp:term":[{"taxonomy":"product_brand","embeddable":true,"href":"https:\/\/ozince.com\/magaza\/wp-json\/wp\/v2\/product_brand?post=16163"},{"taxonomy":"product_cat","embeddable":true,"href":"https:\/\/ozince.com\/magaza\/wp-json\/wp\/v2\/product_cat?post=16163"},{"taxonomy":"product_tag","embeddable":true,"href":"https:\/\/ozince.com\/magaza\/wp-json\/wp\/v2\/product_tag?post=16163"}],"curies":[{"name":"wp","href":"https:\/\/api.w.org\/{rel}","templated":true}]}}