{"id":16162,"date":"2026-02-20T18:06:33","date_gmt":"2026-02-20T15:06:33","guid":{"rendered":"https:\/\/ozince.com\/magaza\/kategorilenmemis\/bosch-0250203002-opel-astra-h-corsa-c-d-1-3-dizel-kizdirma-bujisi-takim\/"},"modified":"2026-02-20T18:50:07","modified_gmt":"2026-02-20T15:50:07","slug":"bosch-0250203002-opel-astra-h-corsa-c-d-1-3-dizel-kizdirma-bujisi-takim","status":"publish","type":"product","link":"https:\/\/ozince.com\/magaza\/sensor-ve-elektrik-urunleri\/bosch-0250203002-opel-astra-h-corsa-c-d-1-3-dizel-kizdirma-bujisi-takim\/","title":{"rendered":"BOSCH 0250203002 OPEL ASTRA H &#8211; CORSA C-D 1.3 D\u0130ZEL KIZDIRMA BUJ\u0130S\u0130 TAKIM"},"content":{"rendered":"<p>\u00dcR\u00dcN OPEL CORSA C \/ CORSA D \/ ASTRA H 1.3 D\u0130ZEL EURO 4 MOTORLU MODELLER\u0130NE UYGUNDUR.<br \/>\nTAKIM F\u0130YATIDIR.<\/p>\n","protected":false},"excerpt":{"rendered":"<p>\u00dcR\u00dcN OPEL CORSA C \/ CORSA D \/ ASTRA H 1.3 D\u0130ZEL EURO 4 MOTORLU MODELLER\u0130NE UYGUNDUR. TAKIM F\u0130YATIDIR.<\/p>\n","protected":false},"featured_media":16188,"template":"","meta":[],"product_brand":[190],"product_cat":[374],"product_tag":[],"class_list":{"0":"post-16162","1":"product","2":"type-product","3":"status-publish","4":"has-post-thumbnail","6":"arac_markasi_modeli-astra-h","7":"arac_markasi_modeli-corsa-c","8":"arac_markasi_modeli-corsa-d","9":"arac_markasi_modeli-opel","10":"product_brand-bosch","11":"product_cat-sensor-ve-elektrik-urunleri","13":"first","14":"instock","15":"taxable","16":"shipping-taxable","17":"purchasable","18":"product-type-simple"},"jetpack_sharing_enabled":true,"_links":{"self":[{"href":"https:\/\/ozince.com\/magaza\/wp-json\/wp\/v2\/product\/16162","targetHints":{"allow":["GET"]}}],"collection":[{"href":"https:\/\/ozince.com\/magaza\/wp-json\/wp\/v2\/product"}],"about":[{"href":"https:\/\/ozince.com\/magaza\/wp-json\/wp\/v2\/types\/product"}],"wp:featuredmedia":[{"embeddable":true,"href":"https:\/\/ozince.com\/magaza\/wp-json\/wp\/v2\/media\/16188"}],"wp:attachment":[{"href":"https:\/\/ozince.com\/magaza\/wp-json\/wp\/v2\/media?parent=16162"}],"wp:term":[{"taxonomy":"product_brand","embeddable":true,"href":"https:\/\/ozince.com\/magaza\/wp-json\/wp\/v2\/product_brand?post=16162"},{"taxonomy":"product_cat","embeddable":true,"href":"https:\/\/ozince.com\/magaza\/wp-json\/wp\/v2\/product_cat?post=16162"},{"taxonomy":"product_tag","embeddable":true,"href":"https:\/\/ozince.com\/magaza\/wp-json\/wp\/v2\/product_tag?post=16162"}],"curies":[{"name":"wp","href":"https:\/\/api.w.org\/{rel}","templated":true}]}}