{"id":16160,"date":"2026-02-20T18:06:33","date_gmt":"2026-02-20T15:06:33","guid":{"rendered":"https:\/\/ozince.com\/magaza\/kategorilenmemis\/beru-ge-112-0100266031-opel-astra-j-corsa-d-1-3-dizel-kizdirma-bujisi-takim\/"},"modified":"2026-02-20T18:48:22","modified_gmt":"2026-02-20T15:48:22","slug":"beru-ge-112-0100266031-opel-astra-j-corsa-d-1-3-dizel-kizdirma-bujisi-takim","status":"publish","type":"product","link":"https:\/\/ozince.com\/magaza\/sensor-ve-elektrik-urunleri\/beru-ge-112-0100266031-opel-astra-j-corsa-d-1-3-dizel-kizdirma-bujisi-takim\/","title":{"rendered":"BERU GE 112 (0100266031) OPEL ASTRA J &#8211; CORSA D 1.3 D\u0130ZEL KIZDIRMA BUJ\u0130S\u0130 TAKIM"},"content":{"rendered":"<p>\u00dcR\u00dcN OPEL ASTRA J \/ CORSA D 1.3 D\u0130ZEL EURO 5 MOTORLU MODELLER\u0130NE UYGUNDUR. TAKIM F\u0130YATIDIR.<\/p>\n","protected":false},"excerpt":{"rendered":"<p>\u00dcR\u00dcN OPEL ASTRA J \/ CORSA D 1.3 D\u0130ZEL EURO 5 MOTORLU MODELLER\u0130NE UYGUNDUR. TAKIM F\u0130YATIDIR.<\/p>\n","protected":false},"featured_media":16186,"template":"","meta":[],"product_brand":[191],"product_cat":[374],"product_tag":[],"class_list":{"0":"post-16160","1":"product","2":"type-product","3":"status-publish","4":"has-post-thumbnail","6":"arac_markasi_modeli-astra-j","7":"arac_markasi_modeli-corsa-d","8":"arac_markasi_modeli-opel","9":"product_brand-beru","10":"product_cat-sensor-ve-elektrik-urunleri","12":"first","13":"instock","14":"taxable","15":"shipping-taxable","16":"purchasable","17":"product-type-simple"},"jetpack_sharing_enabled":true,"_links":{"self":[{"href":"https:\/\/ozince.com\/magaza\/wp-json\/wp\/v2\/product\/16160","targetHints":{"allow":["GET"]}}],"collection":[{"href":"https:\/\/ozince.com\/magaza\/wp-json\/wp\/v2\/product"}],"about":[{"href":"https:\/\/ozince.com\/magaza\/wp-json\/wp\/v2\/types\/product"}],"wp:featuredmedia":[{"embeddable":true,"href":"https:\/\/ozince.com\/magaza\/wp-json\/wp\/v2\/media\/16186"}],"wp:attachment":[{"href":"https:\/\/ozince.com\/magaza\/wp-json\/wp\/v2\/media?parent=16160"}],"wp:term":[{"taxonomy":"product_brand","embeddable":true,"href":"https:\/\/ozince.com\/magaza\/wp-json\/wp\/v2\/product_brand?post=16160"},{"taxonomy":"product_cat","embeddable":true,"href":"https:\/\/ozince.com\/magaza\/wp-json\/wp\/v2\/product_cat?post=16160"},{"taxonomy":"product_tag","embeddable":true,"href":"https:\/\/ozince.com\/magaza\/wp-json\/wp\/v2\/product_tag?post=16160"}],"curies":[{"name":"wp","href":"https:\/\/api.w.org\/{rel}","templated":true}]}}