{"id":16151,"date":"2026-02-18T17:09:38","date_gmt":"2026-02-18T14:09:38","guid":{"rendered":"https:\/\/ozince.com\/magaza\/kategorilenmemis\/psa-9833964280-opel-astra-l-corsa-f-1-2-puretech-buji-takimi\/"},"modified":"2026-02-18T17:09:50","modified_gmt":"2026-02-18T14:09:50","slug":"psa-9833964280-opel-astra-l-corsa-f-1-2-puretech-buji-takimi","status":"publish","type":"product","link":"https:\/\/ozince.com\/magaza\/sensor-ve-elektrik-urunleri\/psa-9833964280-opel-astra-l-corsa-f-1-2-puretech-buji-takimi\/","title":{"rendered":"PSA 9833964280 OPEL ASTRA L &#8211; CORSA F 1.2 PURETECH BUJ\u0130 TAKIMI"},"content":{"rendered":"<p>\u00dcR\u00dcN OPEL ASTRA L \/ CORSA F \/ CROSSLAND \/ MOKKA B 1.2 BENZ\u0130NL\u0130 MODELLER\u0130NE UYGUNDUR. \u00dcR\u00dcN TAKIM F\u0130YATIDIR!<\/p>\n","protected":false},"excerpt":{"rendered":"<p>\u00dcR\u00dcN OPEL ASTRA L \/ CORSA F \/ CROSSLAND \/ MOKKA B 1.2 BENZ\u0130NL\u0130 MODELLER\u0130NE UYGUNDUR. \u00dcR\u00dcN TAKIM F\u0130YATIDIR!<\/p>\n","protected":false},"featured_media":16149,"template":"","meta":[],"product_brand":[293],"product_cat":[374],"product_tag":[],"class_list":{"0":"post-16151","1":"product","2":"type-product","3":"status-publish","4":"has-post-thumbnail","6":"arac_markasi_modeli-astra-l","7":"arac_markasi_modeli-corsa-f","8":"arac_markasi_modeli-opel","9":"product_brand-psa","10":"product_cat-sensor-ve-elektrik-urunleri","12":"first","13":"instock","14":"taxable","15":"shipping-taxable","16":"purchasable","17":"product-type-simple"},"jetpack_sharing_enabled":true,"_links":{"self":[{"href":"https:\/\/ozince.com\/magaza\/wp-json\/wp\/v2\/product\/16151","targetHints":{"allow":["GET"]}}],"collection":[{"href":"https:\/\/ozince.com\/magaza\/wp-json\/wp\/v2\/product"}],"about":[{"href":"https:\/\/ozince.com\/magaza\/wp-json\/wp\/v2\/types\/product"}],"wp:featuredmedia":[{"embeddable":true,"href":"https:\/\/ozince.com\/magaza\/wp-json\/wp\/v2\/media\/16149"}],"wp:attachment":[{"href":"https:\/\/ozince.com\/magaza\/wp-json\/wp\/v2\/media?parent=16151"}],"wp:term":[{"taxonomy":"product_brand","embeddable":true,"href":"https:\/\/ozince.com\/magaza\/wp-json\/wp\/v2\/product_brand?post=16151"},{"taxonomy":"product_cat","embeddable":true,"href":"https:\/\/ozince.com\/magaza\/wp-json\/wp\/v2\/product_cat?post=16151"},{"taxonomy":"product_tag","embeddable":true,"href":"https:\/\/ozince.com\/magaza\/wp-json\/wp\/v2\/product_tag?post=16151"}],"curies":[{"name":"wp","href":"https:\/\/api.w.org\/{rel}","templated":true}]}}