{"id":16150,"date":"2026-02-18T17:09:38","date_gmt":"2026-02-18T14:09:38","guid":{"rendered":"https:\/\/ozince.com\/magaza\/kategorilenmemis\/psa-9833964280-ds-ds3-1-2-puretech-buji-takimi\/"},"modified":"2026-02-18T17:09:50","modified_gmt":"2026-02-18T14:09:50","slug":"psa-9833964280-ds-ds3-1-2-puretech-buji-takimi","status":"publish","type":"product","link":"https:\/\/ozince.com\/magaza\/sensor-ve-elektrik-urunleri\/psa-9833964280-ds-ds3-1-2-puretech-buji-takimi\/","title":{"rendered":"PSA 9833964280 DS DS3 1.2 PURETECH BUJ\u0130 TAKIMI"},"content":{"rendered":"<p>\u00dcR\u00dcN DS DS3 \/ DS3 CROSSBACK 1.2 BENZ\u0130NL\u0130 MODELLER\u0130NE UYGUNDUR. \u00dcR\u00dcN TAKIM F\u0130YATIDIR!<\/p>\n","protected":false},"excerpt":{"rendered":"<p>\u00dcR\u00dcN DS DS3 \/ DS3 CROSSBACK 1.2 BENZ\u0130NL\u0130 MODELLER\u0130NE UYGUNDUR. \u00dcR\u00dcN TAKIM F\u0130YATIDIR!<\/p>\n","protected":false},"featured_media":16149,"template":"","meta":[],"product_brand":[293],"product_cat":[374],"product_tag":[],"class_list":{"0":"post-16150","1":"product","2":"type-product","3":"status-publish","4":"has-post-thumbnail","6":"arac_markasi_modeli-ds","7":"arac_markasi_modeli-ds3","8":"product_brand-psa","9":"product_cat-sensor-ve-elektrik-urunleri","11":"first","12":"instock","13":"taxable","14":"shipping-taxable","15":"purchasable","16":"product-type-simple"},"jetpack_sharing_enabled":true,"_links":{"self":[{"href":"https:\/\/ozince.com\/magaza\/wp-json\/wp\/v2\/product\/16150","targetHints":{"allow":["GET"]}}],"collection":[{"href":"https:\/\/ozince.com\/magaza\/wp-json\/wp\/v2\/product"}],"about":[{"href":"https:\/\/ozince.com\/magaza\/wp-json\/wp\/v2\/types\/product"}],"wp:featuredmedia":[{"embeddable":true,"href":"https:\/\/ozince.com\/magaza\/wp-json\/wp\/v2\/media\/16149"}],"wp:attachment":[{"href":"https:\/\/ozince.com\/magaza\/wp-json\/wp\/v2\/media?parent=16150"}],"wp:term":[{"taxonomy":"product_brand","embeddable":true,"href":"https:\/\/ozince.com\/magaza\/wp-json\/wp\/v2\/product_brand?post=16150"},{"taxonomy":"product_cat","embeddable":true,"href":"https:\/\/ozince.com\/magaza\/wp-json\/wp\/v2\/product_cat?post=16150"},{"taxonomy":"product_tag","embeddable":true,"href":"https:\/\/ozince.com\/magaza\/wp-json\/wp\/v2\/product_tag?post=16150"}],"curies":[{"name":"wp","href":"https:\/\/api.w.org\/{rel}","templated":true}]}}