{"id":16142,"date":"2026-02-18T17:09:38","date_gmt":"2026-02-18T14:09:38","guid":{"rendered":"https:\/\/ozince.com\/magaza\/kategorilenmemis\/hella-8eh188704-381-opel-vectra-b-astra-g-cift-tirnak-buji\/"},"modified":"2026-02-18T17:09:48","modified_gmt":"2026-02-18T14:09:48","slug":"hella-8eh188704-381-opel-vectra-b-astra-g-cift-tirnak-buji","status":"publish","type":"product","link":"https:\/\/ozince.com\/magaza\/sensor-ve-elektrik-urunleri\/hella-8eh188704-381-opel-vectra-b-astra-g-cift-tirnak-buji\/","title":{"rendered":"HELLA 8EH188704-381 OPEL VECTRA B &#8211; ASTRA G (\u00c7\u0130FT TIRNAK) BUJ\u0130"},"content":{"rendered":"<p>\u00dcR\u00dcN OPEL ASTRA G \/ VECTRA B \/ CORSA B 1.6 MODELLER\u0130NE UYGUNDUR. \u00dcR\u00dcN ADET F\u0130YATIDIR!<\/p>\n","protected":false},"excerpt":{"rendered":"<p>\u00dcR\u00dcN OPEL ASTRA G \/ VECTRA B \/ CORSA B 1.6 MODELLER\u0130NE UYGUNDUR. \u00dcR\u00dcN ADET F\u0130YATIDIR!<\/p>\n","protected":false},"featured_media":16143,"template":"","meta":[],"product_brand":[199],"product_cat":[374],"product_tag":[],"class_list":{"0":"post-16142","1":"product","2":"type-product","3":"status-publish","4":"has-post-thumbnail","6":"arac_markasi_modeli-astra-g","7":"arac_markasi_modeli-opel","8":"arac_markasi_modeli-vectra-b","9":"product_brand-hella","10":"product_cat-sensor-ve-elektrik-urunleri","12":"first","13":"instock","14":"taxable","15":"shipping-taxable","16":"purchasable","17":"product-type-simple"},"jetpack_sharing_enabled":true,"_links":{"self":[{"href":"https:\/\/ozince.com\/magaza\/wp-json\/wp\/v2\/product\/16142","targetHints":{"allow":["GET"]}}],"collection":[{"href":"https:\/\/ozince.com\/magaza\/wp-json\/wp\/v2\/product"}],"about":[{"href":"https:\/\/ozince.com\/magaza\/wp-json\/wp\/v2\/types\/product"}],"wp:featuredmedia":[{"embeddable":true,"href":"https:\/\/ozince.com\/magaza\/wp-json\/wp\/v2\/media\/16143"}],"wp:attachment":[{"href":"https:\/\/ozince.com\/magaza\/wp-json\/wp\/v2\/media?parent=16142"}],"wp:term":[{"taxonomy":"product_brand","embeddable":true,"href":"https:\/\/ozince.com\/magaza\/wp-json\/wp\/v2\/product_brand?post=16142"},{"taxonomy":"product_cat","embeddable":true,"href":"https:\/\/ozince.com\/magaza\/wp-json\/wp\/v2\/product_cat?post=16142"},{"taxonomy":"product_tag","embeddable":true,"href":"https:\/\/ozince.com\/magaza\/wp-json\/wp\/v2\/product_tag?post=16142"}],"curies":[{"name":"wp","href":"https:\/\/api.w.org\/{rel}","templated":true}]}}