{"id":16129,"date":"2026-02-18T17:09:38","date_gmt":"2026-02-18T14:09:38","guid":{"rendered":"https:\/\/ozince.com\/magaza\/kategorilenmemis\/bosch-0242236564-opel-astra-j-insignia-a1-6let-buji\/"},"modified":"2026-02-18T17:09:42","modified_gmt":"2026-02-18T14:09:42","slug":"bosch-0242236564-opel-astra-j-insignia-a1-6let-buji","status":"publish","type":"product","link":"https:\/\/ozince.com\/magaza\/sensor-ve-elektrik-urunleri\/bosch-0242236564-opel-astra-j-insignia-a1-6let-buji\/","title":{"rendered":"BOSCH 0242236564 OPEL ASTRA J &#8211; \u0130NS\u0130GN\u0130A A1.6LET BUJ\u0130"},"content":{"rendered":"<p>\u00dcR\u00dcN OPEL ASTRA H \/ ASTRA J \/ \u0130NS\u0130GN\u0130A A 1.6 TURBO (A1.6LET) MODELLER\u0130NE UYGUNDUR. \u00dcR\u00dcN ADET F\u0130YATIDIR!<\/p>\n","protected":false},"excerpt":{"rendered":"<p>\u00dcR\u00dcN OPEL ASTRA H \/ ASTRA J \/ \u0130NS\u0130GN\u0130A A 1.6 TURBO (A1.6LET) MODELLER\u0130NE UYGUNDUR. \u00dcR\u00dcN ADET F\u0130YATIDIR!<\/p>\n","protected":false},"featured_media":16130,"template":"","meta":[],"product_brand":[190],"product_cat":[374],"product_tag":[],"class_list":{"0":"post-16129","1":"product","2":"type-product","3":"status-publish","4":"has-post-thumbnail","6":"arac_markasi_modeli-astra-j","7":"arac_markasi_modeli-insignia-a","8":"arac_markasi_modeli-opel","9":"product_brand-bosch","10":"product_cat-sensor-ve-elektrik-urunleri","12":"first","13":"instock","14":"taxable","15":"shipping-taxable","16":"purchasable","17":"product-type-simple"},"jetpack_sharing_enabled":true,"_links":{"self":[{"href":"https:\/\/ozince.com\/magaza\/wp-json\/wp\/v2\/product\/16129","targetHints":{"allow":["GET"]}}],"collection":[{"href":"https:\/\/ozince.com\/magaza\/wp-json\/wp\/v2\/product"}],"about":[{"href":"https:\/\/ozince.com\/magaza\/wp-json\/wp\/v2\/types\/product"}],"wp:featuredmedia":[{"embeddable":true,"href":"https:\/\/ozince.com\/magaza\/wp-json\/wp\/v2\/media\/16130"}],"wp:attachment":[{"href":"https:\/\/ozince.com\/magaza\/wp-json\/wp\/v2\/media?parent=16129"}],"wp:term":[{"taxonomy":"product_brand","embeddable":true,"href":"https:\/\/ozince.com\/magaza\/wp-json\/wp\/v2\/product_brand?post=16129"},{"taxonomy":"product_cat","embeddable":true,"href":"https:\/\/ozince.com\/magaza\/wp-json\/wp\/v2\/product_cat?post=16129"},{"taxonomy":"product_tag","embeddable":true,"href":"https:\/\/ozince.com\/magaza\/wp-json\/wp\/v2\/product_tag?post=16129"}],"curies":[{"name":"wp","href":"https:\/\/api.w.org\/{rel}","templated":true}]}}