{"id":16125,"date":"2026-02-18T17:09:38","date_gmt":"2026-02-18T14:09:38","guid":{"rendered":"https:\/\/ozince.com\/magaza\/kategorilenmemis\/ac-delco-12683541-opel-astra-k-mokka-x-1-4-benzinli-buji\/"},"modified":"2026-02-18T17:09:38","modified_gmt":"2026-02-18T14:09:38","slug":"ac-delco-12683541-opel-astra-k-mokka-x-1-4-benzinli-buji","status":"publish","type":"product","link":"https:\/\/ozince.com\/magaza\/sensor-ve-elektrik-urunleri\/ac-delco-12683541-opel-astra-k-mokka-x-1-4-benzinli-buji\/","title":{"rendered":"AC DELCO 12683541 OPEL ASTRA K &#8211; MOKKA X 1.4 BENZ\u0130NL\u0130 BUJ\u0130"},"content":{"rendered":"<p>\u00dcR\u00dcN OPEL ASTRA K \/ MOKKA X 1.4 TURBO \/ \u0130NS\u0130GN\u0130A 1.6 (A1.6XHT) MODELLER\u0130NE UYGUNDUR. \u00dcR\u00dcN ADET F\u0130YATIDIR!<\/p>\n","protected":false},"excerpt":{"rendered":"<p>\u00dcR\u00dcN OPEL ASTRA K \/ MOKKA X 1.4 TURBO \/ \u0130NS\u0130GN\u0130A 1.6 (A1.6XHT) MODELLER\u0130NE UYGUNDUR. \u00dcR\u00dcN ADET F\u0130YATIDIR!<\/p>\n","protected":false},"featured_media":16126,"template":"","meta":[],"product_brand":[256],"product_cat":[374],"product_tag":[],"class_list":{"0":"post-16125","1":"product","2":"type-product","3":"status-publish","4":"has-post-thumbnail","6":"arac_markasi_modeli-astra-k","7":"arac_markasi_modeli-mokka-x","8":"arac_markasi_modeli-opel","9":"product_brand-ac-delco","10":"product_cat-sensor-ve-elektrik-urunleri","12":"first","13":"instock","14":"taxable","15":"shipping-taxable","16":"purchasable","17":"product-type-simple"},"jetpack_sharing_enabled":true,"_links":{"self":[{"href":"https:\/\/ozince.com\/magaza\/wp-json\/wp\/v2\/product\/16125","targetHints":{"allow":["GET"]}}],"collection":[{"href":"https:\/\/ozince.com\/magaza\/wp-json\/wp\/v2\/product"}],"about":[{"href":"https:\/\/ozince.com\/magaza\/wp-json\/wp\/v2\/types\/product"}],"wp:featuredmedia":[{"embeddable":true,"href":"https:\/\/ozince.com\/magaza\/wp-json\/wp\/v2\/media\/16126"}],"wp:attachment":[{"href":"https:\/\/ozince.com\/magaza\/wp-json\/wp\/v2\/media?parent=16125"}],"wp:term":[{"taxonomy":"product_brand","embeddable":true,"href":"https:\/\/ozince.com\/magaza\/wp-json\/wp\/v2\/product_brand?post=16125"},{"taxonomy":"product_cat","embeddable":true,"href":"https:\/\/ozince.com\/magaza\/wp-json\/wp\/v2\/product_cat?post=16125"},{"taxonomy":"product_tag","embeddable":true,"href":"https:\/\/ozince.com\/magaza\/wp-json\/wp\/v2\/product_tag?post=16125"}],"curies":[{"name":"wp","href":"https:\/\/api.w.org\/{rel}","templated":true}]}}