{"id":16069,"date":"2026-02-15T20:44:21","date_gmt":"2026-02-15T17:44:21","guid":{"rendered":"https:\/\/ozince.com\/magaza\/kategorilenmemis\/eurorepar-1686252480-ds-ds5-ds7-1-5-bluehdi-polen-filtresi\/"},"modified":"2026-02-16T11:52:18","modified_gmt":"2026-02-16T08:52:18","slug":"eurorepar-1686252480-ds-ds5-ds7-1-5-bluehdi-polen-filtresi","status":"publish","type":"product","link":"https:\/\/ozince.com\/magaza\/periyodik-bakim-ve-filtre-urunleri\/eurorepar-1686252480-ds-ds5-ds7-1-5-bluehdi-polen-filtresi\/","title":{"rendered":"EUROREPAR 1686252480 DS DS5 &#8211; DS7 1.5 BLUEHD\u0130 POLEN F\u0130LTRES\u0130"},"content":{"rendered":"<p>\u00dcR\u00dcN DS DS5 \/ DS7 1.5 D\u0130ZEL MODELLER\u0130NE UYGUNDUR.<\/p>\n","protected":false},"excerpt":{"rendered":"<p>\u00dcR\u00dcN DS DS5 \/ DS7 1.5 D\u0130ZEL MODELLER\u0130NE UYGUNDUR.<\/p>\n","protected":false},"featured_media":16114,"template":"","meta":[],"product_brand":[341],"product_cat":[352],"product_tag":[],"class_list":{"0":"post-16069","1":"product","2":"type-product","3":"status-publish","4":"has-post-thumbnail","6":"arac_markasi_modeli-ds","7":"arac_markasi_modeli-ds5","8":"arac_markasi_modeli-ds7","9":"product_brand-eurorepar","10":"product_cat-periyodik-bakim-ve-filtre-urunleri","12":"first","13":"instock","14":"taxable","15":"shipping-taxable","16":"purchasable","17":"product-type-simple"},"jetpack_sharing_enabled":true,"_links":{"self":[{"href":"https:\/\/ozince.com\/magaza\/wp-json\/wp\/v2\/product\/16069","targetHints":{"allow":["GET"]}}],"collection":[{"href":"https:\/\/ozince.com\/magaza\/wp-json\/wp\/v2\/product"}],"about":[{"href":"https:\/\/ozince.com\/magaza\/wp-json\/wp\/v2\/types\/product"}],"wp:featuredmedia":[{"embeddable":true,"href":"https:\/\/ozince.com\/magaza\/wp-json\/wp\/v2\/media\/16114"}],"wp:attachment":[{"href":"https:\/\/ozince.com\/magaza\/wp-json\/wp\/v2\/media?parent=16069"}],"wp:term":[{"taxonomy":"product_brand","embeddable":true,"href":"https:\/\/ozince.com\/magaza\/wp-json\/wp\/v2\/product_brand?post=16069"},{"taxonomy":"product_cat","embeddable":true,"href":"https:\/\/ozince.com\/magaza\/wp-json\/wp\/v2\/product_cat?post=16069"},{"taxonomy":"product_tag","embeddable":true,"href":"https:\/\/ozince.com\/magaza\/wp-json\/wp\/v2\/product_tag?post=16069"}],"curies":[{"name":"wp","href":"https:\/\/api.w.org\/{rel}","templated":true}]}}