{"id":16067,"date":"2026-02-15T20:44:21","date_gmt":"2026-02-15T17:44:21","guid":{"rendered":"https:\/\/ozince.com\/magaza\/kategorilenmemis\/bosch-1987435608-peugeot-208-2008-1-2-puretech-polen-filtresi\/"},"modified":"2026-02-16T11:49:50","modified_gmt":"2026-02-16T08:49:50","slug":"bosch-1987435608-peugeot-208-2008-1-2-puretech-polen-filtresi","status":"publish","type":"product","link":"https:\/\/ozince.com\/magaza\/periyodik-bakim-ve-filtre-urunleri\/bosch-1987435608-peugeot-208-2008-1-2-puretech-polen-filtresi\/","title":{"rendered":"BOSCH 1987435608 PEUGEOT  208 &#8211; 2008 1.2 PURETECH POLEN F\u0130LTRES\u0130"},"content":{"rendered":"<p>\u00dcR\u00dcN PEUGEOT 208 \/ 2008 1.2 BENZ\u0130NL\u0130 MODELLER\u0130NE UYGUNDUR. (KARBONLU).<\/p>\n","protected":false},"excerpt":{"rendered":"<p>\u00dcR\u00dcN PEUGEOT 208 \/ 2008 1.2 BENZ\u0130NL\u0130 MODELLER\u0130NE UYGUNDUR. (KARBONLU).<\/p>\n","protected":false},"featured_media":16111,"template":"","meta":[],"product_brand":[190],"product_cat":[352],"product_tag":[],"class_list":{"0":"post-16067","1":"product","2":"type-product","3":"status-publish","4":"has-post-thumbnail","6":"arac_markasi_modeli-208-2008","7":"arac_markasi_modeli-peugeot","8":"product_brand-bosch","9":"product_cat-periyodik-bakim-ve-filtre-urunleri","11":"first","12":"instock","13":"taxable","14":"shipping-taxable","15":"purchasable","16":"product-type-simple"},"jetpack_sharing_enabled":true,"_links":{"self":[{"href":"https:\/\/ozince.com\/magaza\/wp-json\/wp\/v2\/product\/16067","targetHints":{"allow":["GET"]}}],"collection":[{"href":"https:\/\/ozince.com\/magaza\/wp-json\/wp\/v2\/product"}],"about":[{"href":"https:\/\/ozince.com\/magaza\/wp-json\/wp\/v2\/types\/product"}],"wp:featuredmedia":[{"embeddable":true,"href":"https:\/\/ozince.com\/magaza\/wp-json\/wp\/v2\/media\/16111"}],"wp:attachment":[{"href":"https:\/\/ozince.com\/magaza\/wp-json\/wp\/v2\/media?parent=16067"}],"wp:term":[{"taxonomy":"product_brand","embeddable":true,"href":"https:\/\/ozince.com\/magaza\/wp-json\/wp\/v2\/product_brand?post=16067"},{"taxonomy":"product_cat","embeddable":true,"href":"https:\/\/ozince.com\/magaza\/wp-json\/wp\/v2\/product_cat?post=16067"},{"taxonomy":"product_tag","embeddable":true,"href":"https:\/\/ozince.com\/magaza\/wp-json\/wp\/v2\/product_tag?post=16067"}],"curies":[{"name":"wp","href":"https:\/\/api.w.org\/{rel}","templated":true}]}}