{"id":16050,"date":"2026-02-10T08:26:52","date_gmt":"2026-02-10T05:26:52","guid":{"rendered":"https:\/\/ozince.com\/magaza\/kategorilenmemis\/mhr-26854-supap-lastigi-astra-g-98-07-astra-h-04-10-1-6-16v-z16xep-a16xer-a16let-a16xer-adet\/"},"modified":"2026-02-10T08:26:52","modified_gmt":"2026-02-10T05:26:52","slug":"mhr-26854-supap-lastigi-astra-g-98-07-astra-h-04-10-1-6-16v-z16xep-a16xer-a16let-a16xer-adet","status":"publish","type":"product","link":"https:\/\/ozince.com\/magaza\/motor-mekanik-urunleri\/mhr-26854-supap-lastigi-astra-g-98-07-astra-h-04-10-1-6-16v-z16xep-a16xer-a16let-a16xer-adet\/","title":{"rendered":"MHR-26854 SUPAP LAST\u0130\u011e\u0130 ASTRA G 98-07 \/ ASTRA H 04-10 \/ 1.6 16V (Z16XEP-A16XER-A16LET-A16XER) ADET"},"content":{"rendered":"","protected":false},"excerpt":{"rendered":"","protected":false},"featured_media":0,"template":"","meta":[],"product_brand":[288],"product_cat":[298],"product_tag":[378],"class_list":{"0":"post-16050","1":"product","2":"type-product","3":"status-publish","5":"arac_markasi_modeli-astra-g","6":"arac_markasi_modeli-astra-h","7":"arac_markasi_modeli-opel","8":"product_brand-maher","9":"product_cat-motor-mekanik-urunleri","10":"product_tag-altay","12":"first","13":"outofstock","14":"taxable","15":"shipping-taxable","16":"purchasable","17":"product-type-simple"},"jetpack_sharing_enabled":true,"_links":{"self":[{"href":"https:\/\/ozince.com\/magaza\/wp-json\/wp\/v2\/product\/16050","targetHints":{"allow":["GET"]}}],"collection":[{"href":"https:\/\/ozince.com\/magaza\/wp-json\/wp\/v2\/product"}],"about":[{"href":"https:\/\/ozince.com\/magaza\/wp-json\/wp\/v2\/types\/product"}],"wp:attachment":[{"href":"https:\/\/ozince.com\/magaza\/wp-json\/wp\/v2\/media?parent=16050"}],"wp:term":[{"taxonomy":"product_brand","embeddable":true,"href":"https:\/\/ozince.com\/magaza\/wp-json\/wp\/v2\/product_brand?post=16050"},{"taxonomy":"product_cat","embeddable":true,"href":"https:\/\/ozince.com\/magaza\/wp-json\/wp\/v2\/product_cat?post=16050"},{"taxonomy":"product_tag","embeddable":true,"href":"https:\/\/ozince.com\/magaza\/wp-json\/wp\/v2\/product_tag?post=16050"}],"curies":[{"name":"wp","href":"https:\/\/api.w.org\/{rel}","templated":true}]}}