{"id":16049,"date":"2026-02-10T08:24:53","date_gmt":"2026-02-10T05:24:53","guid":{"rendered":"https:\/\/ozince.com\/magaza\/kategorilenmemis\/mhr-26852-supap-lastigi-astra-f-91-98-vectra-a-88-95-1-4-1-6-1-8-2-0-adet\/"},"modified":"2026-02-10T08:24:53","modified_gmt":"2026-02-10T05:24:53","slug":"mhr-26852-supap-lastigi-astra-f-91-98-vectra-a-88-95-1-4-1-6-1-8-2-0-adet","status":"publish","type":"product","link":"https:\/\/ozince.com\/magaza\/motor-mekanik-urunleri\/mhr-26852-supap-lastigi-astra-f-91-98-vectra-a-88-95-1-4-1-6-1-8-2-0-adet\/","title":{"rendered":"MHR-26852 SUPAP LAST\u0130\u011e\u0130 ASTRA F 91-98 \/ VECTRA A 88-95 \/ 1.4-1.6-1.8-2.0 ADET"},"content":{"rendered":"","protected":false},"excerpt":{"rendered":"","protected":false},"featured_media":0,"template":"","meta":[],"product_brand":[288],"product_cat":[298],"product_tag":[378],"class_list":{"0":"post-16049","1":"product","2":"type-product","3":"status-publish","5":"arac_markasi_modeli-astra-f","6":"arac_markasi_modeli-opel","7":"arac_markasi_modeli-vectra-a","8":"product_brand-maher","9":"product_cat-motor-mekanik-urunleri","10":"product_tag-altay","12":"first","13":"outofstock","14":"taxable","15":"shipping-taxable","16":"purchasable","17":"product-type-simple"},"jetpack_sharing_enabled":true,"_links":{"self":[{"href":"https:\/\/ozince.com\/magaza\/wp-json\/wp\/v2\/product\/16049","targetHints":{"allow":["GET"]}}],"collection":[{"href":"https:\/\/ozince.com\/magaza\/wp-json\/wp\/v2\/product"}],"about":[{"href":"https:\/\/ozince.com\/magaza\/wp-json\/wp\/v2\/types\/product"}],"wp:attachment":[{"href":"https:\/\/ozince.com\/magaza\/wp-json\/wp\/v2\/media?parent=16049"}],"wp:term":[{"taxonomy":"product_brand","embeddable":true,"href":"https:\/\/ozince.com\/magaza\/wp-json\/wp\/v2\/product_brand?post=16049"},{"taxonomy":"product_cat","embeddable":true,"href":"https:\/\/ozince.com\/magaza\/wp-json\/wp\/v2\/product_cat?post=16049"},{"taxonomy":"product_tag","embeddable":true,"href":"https:\/\/ozince.com\/magaza\/wp-json\/wp\/v2\/product_tag?post=16049"}],"curies":[{"name":"wp","href":"https:\/\/api.w.org\/{rel}","templated":true}]}}