{"id":15773,"date":"2026-03-07T08:07:28","date_gmt":"2026-03-07T05:07:28","guid":{"rendered":"https:\/\/ozince.com\/magaza\/kategorilenmemis\/trw-jbu137-burc-salincak-vectra-b-astra-h-astra-g-on-kucuk\/"},"modified":"2026-03-07T08:07:29","modified_gmt":"2026-03-07T05:07:29","slug":"trw-jbu137-burc-salincak-vectra-b-astra-h-astra-g-on-kucuk","status":"publish","type":"product","link":"https:\/\/ozince.com\/magaza\/alt-takim-urunleri\/trw-jbu137-burc-salincak-vectra-b-astra-h-astra-g-on-kucuk\/","title":{"rendered":"TRW-JBU137 BUR\u00c7 SALINCAK VECTRA B \/ ASTRA H \/ ASTRA G \u00d6N K\u00dc\u00c7\u00dcK"},"content":{"rendered":"","protected":false},"excerpt":{"rendered":"","protected":false},"featured_media":16017,"template":"","meta":[],"product_brand":[294],"product_cat":[382],"product_tag":[378],"class_list":{"0":"post-15773","1":"product","2":"type-product","3":"status-publish","4":"has-post-thumbnail","6":"arac_markasi_modeli-astra-g","7":"arac_markasi_modeli-astra-h","8":"arac_markasi_modeli-opel","9":"arac_markasi_modeli-vectra-b","10":"product_brand-trw","11":"product_cat-alt-takim-urunleri","12":"product_tag-altay","14":"first","15":"outofstock","16":"taxable","17":"shipping-taxable","18":"purchasable","19":"product-type-simple"},"jetpack_sharing_enabled":true,"_links":{"self":[{"href":"https:\/\/ozince.com\/magaza\/wp-json\/wp\/v2\/product\/15773","targetHints":{"allow":["GET"]}}],"collection":[{"href":"https:\/\/ozince.com\/magaza\/wp-json\/wp\/v2\/product"}],"about":[{"href":"https:\/\/ozince.com\/magaza\/wp-json\/wp\/v2\/types\/product"}],"wp:featuredmedia":[{"embeddable":true,"href":"https:\/\/ozince.com\/magaza\/wp-json\/wp\/v2\/media\/16017"}],"wp:attachment":[{"href":"https:\/\/ozince.com\/magaza\/wp-json\/wp\/v2\/media?parent=15773"}],"wp:term":[{"taxonomy":"product_brand","embeddable":true,"href":"https:\/\/ozince.com\/magaza\/wp-json\/wp\/v2\/product_brand?post=15773"},{"taxonomy":"product_cat","embeddable":true,"href":"https:\/\/ozince.com\/magaza\/wp-json\/wp\/v2\/product_cat?post=15773"},{"taxonomy":"product_tag","embeddable":true,"href":"https:\/\/ozince.com\/magaza\/wp-json\/wp\/v2\/product_tag?post=15773"}],"curies":[{"name":"wp","href":"https:\/\/api.w.org\/{rel}","templated":true}]}}