{"id":14898,"date":"2026-05-04T08:21:51","date_gmt":"2026-05-04T05:21:51","guid":{"rendered":"https:\/\/ozince.com\/magaza\/kategorilenmemis\/tyv-1400287-sis-lamba-kapagi-astra-j-12-on-sag-krom\/"},"modified":"2026-05-04T08:21:52","modified_gmt":"2026-05-04T05:21:52","slug":"tyv-1400287-sis-lamba-kapagi-astra-j-12-on-sag-krom","status":"publish","type":"product","link":"https:\/\/ozince.com\/magaza\/karoseri-ve-kaporta-urunleri\/tyv-1400287-sis-lamba-kapagi-astra-j-12-on-sag-krom\/","title":{"rendered":"TYV-1400287 S\u0130S LAMBA KAPA\u011eI ASTRA J 12= \u00d6N SA\u011e KROM"},"content":{"rendered":"","protected":false},"excerpt":{"rendered":"","protected":false},"featured_media":0,"template":"","meta":[],"product_brand":[427],"product_cat":[351],"product_tag":[378],"class_list":{"0":"post-14898","1":"product","2":"type-product","3":"status-publish","5":"arac_markasi_modeli-astra-j","6":"arac_markasi_modeli-opel","7":"product_brand-taiwan","8":"product_cat-karoseri-ve-kaporta-urunleri","9":"product_tag-altay","11":"first","12":"instock","13":"taxable","14":"shipping-taxable","15":"purchasable","16":"product-type-simple"},"jetpack_sharing_enabled":true,"_links":{"self":[{"href":"https:\/\/ozince.com\/magaza\/wp-json\/wp\/v2\/product\/14898","targetHints":{"allow":["GET"]}}],"collection":[{"href":"https:\/\/ozince.com\/magaza\/wp-json\/wp\/v2\/product"}],"about":[{"href":"https:\/\/ozince.com\/magaza\/wp-json\/wp\/v2\/types\/product"}],"wp:attachment":[{"href":"https:\/\/ozince.com\/magaza\/wp-json\/wp\/v2\/media?parent=14898"}],"wp:term":[{"taxonomy":"product_brand","embeddable":true,"href":"https:\/\/ozince.com\/magaza\/wp-json\/wp\/v2\/product_brand?post=14898"},{"taxonomy":"product_cat","embeddable":true,"href":"https:\/\/ozince.com\/magaza\/wp-json\/wp\/v2\/product_cat?post=14898"},{"taxonomy":"product_tag","embeddable":true,"href":"https:\/\/ozince.com\/magaza\/wp-json\/wp\/v2\/product_tag?post=14898"}],"curies":[{"name":"wp","href":"https:\/\/api.w.org\/{rel}","templated":true}]}}