{"id":14896,"date":"2026-04-10T08:12:48","date_gmt":"2026-04-10T05:12:48","guid":{"rendered":"https:\/\/ozince.com\/magaza\/kategorilenmemis\/fag-713000720-amortisor-rulmani-canakli-opel-astra-f-on\/"},"modified":"2026-04-10T08:12:49","modified_gmt":"2026-04-10T05:12:49","slug":"fag-713000720-amortisor-rulmani-canakli-opel-astra-f-on","status":"publish","type":"product","link":"https:\/\/ozince.com\/magaza\/alt-takim-urunleri\/fag-713000720-amortisor-rulmani-canakli-opel-astra-f-on\/","title":{"rendered":"FAG-713000720 AMORTIS\u00d6R RULMANI \u00c7ANAKLI OPEL ASTRA F \u00d6N"},"content":{"rendered":"","protected":false},"excerpt":{"rendered":"","protected":false},"featured_media":0,"template":"","meta":[],"product_brand":[455],"product_cat":[382],"product_tag":[378],"class_list":{"0":"post-14896","1":"product","2":"type-product","3":"status-publish","5":"arac_markasi_modeli-astra-f","6":"arac_markasi_modeli-opel","7":"product_brand-fag","8":"product_cat-alt-takim-urunleri","9":"product_tag-altay","11":"first","12":"outofstock","13":"taxable","14":"shipping-taxable","15":"purchasable","16":"product-type-simple"},"jetpack_sharing_enabled":true,"_links":{"self":[{"href":"https:\/\/ozince.com\/magaza\/wp-json\/wp\/v2\/product\/14896","targetHints":{"allow":["GET"]}}],"collection":[{"href":"https:\/\/ozince.com\/magaza\/wp-json\/wp\/v2\/product"}],"about":[{"href":"https:\/\/ozince.com\/magaza\/wp-json\/wp\/v2\/types\/product"}],"wp:attachment":[{"href":"https:\/\/ozince.com\/magaza\/wp-json\/wp\/v2\/media?parent=14896"}],"wp:term":[{"taxonomy":"product_brand","embeddable":true,"href":"https:\/\/ozince.com\/magaza\/wp-json\/wp\/v2\/product_brand?post=14896"},{"taxonomy":"product_cat","embeddable":true,"href":"https:\/\/ozince.com\/magaza\/wp-json\/wp\/v2\/product_cat?post=14896"},{"taxonomy":"product_tag","embeddable":true,"href":"https:\/\/ozince.com\/magaza\/wp-json\/wp\/v2\/product_tag?post=14896"}],"curies":[{"name":"wp","href":"https:\/\/api.w.org\/{rel}","templated":true}]}}