{"id":14857,"date":"2026-01-21T17:58:29","date_gmt":"2026-01-21T14:58:29","guid":{"rendered":"https:\/\/ozince.com\/magaza\/?post_type=product&#038;p=14857"},"modified":"2026-01-22T17:05:51","modified_gmt":"2026-01-22T14:05:51","slug":"opel-astra-k-1-0-1-4-periyodik-bakim-filtre-seti-orijinal","status":"publish","type":"product","link":"https:\/\/ozince.com\/magaza\/periyodik-bakim-ve-filtre-urunleri\/opel-astra-k-1-0-1-4-periyodik-bakim-filtre-seti-orijinal\/","title":{"rendered":"OPEL ASTRA K 1.0 1.4 PER\u0130YOD\u0130K BAKIM F\u0130LTRE SET\u0130 OR\u0130J\u0130NAL"},"content":{"rendered":"<p>OPEL ASTRA K 2016 MODEL VE SONRASINA UYGUN 1.0-1.4 BENZ\u0130NL\u0130 MOTOR PER\u0130YOD\u0130K BAKIM F\u0130LTRE SET\u0130. T\u00dcM F\u0130LTRE GRUBU OR\u0130J\u0130NALD\u0130R.<\/p>\n","protected":false},"excerpt":{"rendered":"<p>OPEL ASTRA K 2016 MODEL VE SONRASINA UYGUN 1.0-1.4 BENZ\u0130NL\u0130 MOTOR PER\u0130YOD\u0130K BAKIM F\u0130LTRE SET\u0130. T\u00dcM F\u0130LTRE GRUBU OR\u0130J\u0130NALD\u0130R.<\/p>\n","protected":false},"featured_media":14858,"template":"","meta":[],"product_brand":[305,293],"product_cat":[489,352],"product_tag":[],"class_list":{"0":"post-14857","1":"product","2":"type-product","3":"status-publish","4":"has-post-thumbnail","6":"arac_markasi_modeli-astra-k","7":"arac_markasi_modeli-opel","8":"product_brand-mopar","9":"product_brand-psa","10":"product_cat-periyodik-bakim-seti","11":"product_cat-periyodik-bakim-ve-filtre-urunleri","13":"first","14":"instock","15":"taxable","16":"shipping-taxable","17":"purchasable","18":"product-type-simple"},"jetpack_sharing_enabled":true,"_links":{"self":[{"href":"https:\/\/ozince.com\/magaza\/wp-json\/wp\/v2\/product\/14857","targetHints":{"allow":["GET"]}}],"collection":[{"href":"https:\/\/ozince.com\/magaza\/wp-json\/wp\/v2\/product"}],"about":[{"href":"https:\/\/ozince.com\/magaza\/wp-json\/wp\/v2\/types\/product"}],"wp:featuredmedia":[{"embeddable":true,"href":"https:\/\/ozince.com\/magaza\/wp-json\/wp\/v2\/media\/14858"}],"wp:attachment":[{"href":"https:\/\/ozince.com\/magaza\/wp-json\/wp\/v2\/media?parent=14857"}],"wp:term":[{"taxonomy":"product_brand","embeddable":true,"href":"https:\/\/ozince.com\/magaza\/wp-json\/wp\/v2\/product_brand?post=14857"},{"taxonomy":"product_cat","embeddable":true,"href":"https:\/\/ozince.com\/magaza\/wp-json\/wp\/v2\/product_cat?post=14857"},{"taxonomy":"product_tag","embeddable":true,"href":"https:\/\/ozince.com\/magaza\/wp-json\/wp\/v2\/product_tag?post=14857"}],"curies":[{"name":"wp","href":"https:\/\/api.w.org\/{rel}","templated":true}]}}