{"id":14855,"date":"2026-01-21T17:28:52","date_gmt":"2026-01-21T14:28:52","guid":{"rendered":"https:\/\/ozince.com\/magaza\/?post_type=product&#038;p=14855"},"modified":"2026-01-22T17:05:51","modified_gmt":"2026-01-22T14:05:51","slug":"opel-insignia-b-1-6-dizel-periyodik-bakim-seti","status":"publish","type":"product","link":"https:\/\/ozince.com\/magaza\/periyodik-bakim-ve-filtre-urunleri\/opel-insignia-b-1-6-dizel-periyodik-bakim-seti\/","title":{"rendered":"OPEL \u0130NS\u0130GN\u0130A B 1.6 D\u0130ZEL PER\u0130YOD\u0130K BAKIM SET\u0130"},"content":{"rendered":"<p>OPEL \u0130NS\u0130GN\u0130A B 2017 MODEL VE SONRASI 1.6 D\u0130ZEL MOTORLU ARA\u00c7LARA UYGUN PER\u0130YOD\u0130K BAKIM SET\u0130D\u0130R. SET \u0130\u00c7ER\u0130\u011e\u0130NDE; YA\u011e F\u0130LTRES\u0130, HAVA F\u0130LTRES\u0130 (S\u00dcNGERL\u0130), POLEN F\u0130LTRES\u0130 (KARBONLU) VE MAZOT F\u0130LTRES\u0130 BULUNMAKTADIR. T\u00dcM F\u0130LTRELER OR\u0130J\u0130NALD\u0130R.<\/p>\n","protected":false},"excerpt":{"rendered":"<p>OPEL \u0130NS\u0130GN\u0130A B 2017 MODEL VE SONRASI 1.6 D\u0130ZEL MOTORLU ARA\u00c7LARA UYGUN PER\u0130YOD\u0130K BAKIM SET\u0130D\u0130R. SET \u0130\u00c7ER\u0130\u011e\u0130NDE; YA\u011e F\u0130LTRES\u0130, HAVA F\u0130LTRES\u0130 (S\u00dcNGERL\u0130), POLEN F\u0130LTRES\u0130 (KARBONLU) VE MAZOT F\u0130LTRES\u0130 BULUNMAKTADIR. T\u00dcM F\u0130LTRELER OR\u0130J\u0130NALD\u0130R.<\/p>\n","protected":false},"featured_media":14856,"template":"","meta":[],"product_brand":[305,293],"product_cat":[489,352],"product_tag":[],"class_list":{"0":"post-14855","1":"product","2":"type-product","3":"status-publish","4":"has-post-thumbnail","6":"arac_markasi_modeli-insignia-b","7":"arac_markasi_modeli-opel","8":"product_brand-mopar","9":"product_brand-psa","10":"product_cat-periyodik-bakim-seti","11":"product_cat-periyodik-bakim-ve-filtre-urunleri","13":"first","14":"instock","15":"taxable","16":"shipping-taxable","17":"purchasable","18":"product-type-simple"},"jetpack_sharing_enabled":true,"_links":{"self":[{"href":"https:\/\/ozince.com\/magaza\/wp-json\/wp\/v2\/product\/14855","targetHints":{"allow":["GET"]}}],"collection":[{"href":"https:\/\/ozince.com\/magaza\/wp-json\/wp\/v2\/product"}],"about":[{"href":"https:\/\/ozince.com\/magaza\/wp-json\/wp\/v2\/types\/product"}],"wp:featuredmedia":[{"embeddable":true,"href":"https:\/\/ozince.com\/magaza\/wp-json\/wp\/v2\/media\/14856"}],"wp:attachment":[{"href":"https:\/\/ozince.com\/magaza\/wp-json\/wp\/v2\/media?parent=14855"}],"wp:term":[{"taxonomy":"product_brand","embeddable":true,"href":"https:\/\/ozince.com\/magaza\/wp-json\/wp\/v2\/product_brand?post=14855"},{"taxonomy":"product_cat","embeddable":true,"href":"https:\/\/ozince.com\/magaza\/wp-json\/wp\/v2\/product_cat?post=14855"},{"taxonomy":"product_tag","embeddable":true,"href":"https:\/\/ozince.com\/magaza\/wp-json\/wp\/v2\/product_tag?post=14855"}],"curies":[{"name":"wp","href":"https:\/\/api.w.org\/{rel}","templated":true}]}}