{"id":14853,"date":"2026-01-21T16:45:48","date_gmt":"2026-01-21T13:45:48","guid":{"rendered":"https:\/\/ozince.com\/magaza\/?post_type=product&#038;p=14853"},"modified":"2026-01-22T17:05:51","modified_gmt":"2026-01-22T14:05:51","slug":"opel-astra-j-1-3-dizel-periyodik-bakim-filtre-seti-filtron-marka","status":"publish","type":"product","link":"https:\/\/ozince.com\/magaza\/periyodik-bakim-ve-filtre-urunleri\/opel-astra-j-1-3-dizel-periyodik-bakim-filtre-seti-filtron-marka\/","title":{"rendered":"OPEL ASTRA J 1.3 D\u0130ZEL PER\u0130YOD\u0130K BAKIM F\u0130LTRE SET\u0130 F\u0130LTRON MARKA"},"content":{"rendered":"<p>OPEL ASTRA J 2010-2015 MODEL YILLARI ARASI 1.3 D\u0130ZEL EURO 5 MOTORLU ARACINIZ \u0130\u00c7\u0130N UYUMLU PER\u0130YOD\u0130K BAKIM F\u0130LTRE SET\u0130D\u0130R. SET \u0130\u00c7ER\u0130\u011e\u0130NDE; YA\u011e F\u0130LTRES\u0130, HAVA F\u0130LTRES\u0130, POLEN F\u0130LTRES\u0130 (KARBONSUZ) , MAZOT F\u0130LTRES\u0130 MEVCUTTUR.<\/p>\n","protected":false},"excerpt":{"rendered":"<p>OPEL ASTRA J 2010-2015 MODEL YILLARI ARASI 1.3 D\u0130ZEL EURO 5 MOTORLU ARACINIZ \u0130\u00c7\u0130N UYUMLU PER\u0130YOD\u0130K BAKIM F\u0130LTRE SET\u0130D\u0130R. SET \u0130\u00c7ER\u0130\u011e\u0130NDE; YA\u011e F\u0130LTRES\u0130, HAVA F\u0130LTRES\u0130, POLEN F\u0130LTRES\u0130 (KARBONSUZ) , MAZOT F\u0130LTRES\u0130 MEVCUTTUR.<\/p>\n","protected":false},"featured_media":14854,"template":"","meta":[],"product_brand":[196],"product_cat":[489,352],"product_tag":[],"class_list":{"0":"post-14853","1":"product","2":"type-product","3":"status-publish","4":"has-post-thumbnail","6":"arac_markasi_modeli-astra-j","7":"arac_markasi_modeli-opel","8":"product_brand-filtron","9":"product_cat-periyodik-bakim-seti","10":"product_cat-periyodik-bakim-ve-filtre-urunleri","12":"first","13":"instock","14":"taxable","15":"shipping-taxable","16":"purchasable","17":"product-type-simple"},"jetpack_sharing_enabled":true,"_links":{"self":[{"href":"https:\/\/ozince.com\/magaza\/wp-json\/wp\/v2\/product\/14853","targetHints":{"allow":["GET"]}}],"collection":[{"href":"https:\/\/ozince.com\/magaza\/wp-json\/wp\/v2\/product"}],"about":[{"href":"https:\/\/ozince.com\/magaza\/wp-json\/wp\/v2\/types\/product"}],"wp:featuredmedia":[{"embeddable":true,"href":"https:\/\/ozince.com\/magaza\/wp-json\/wp\/v2\/media\/14854"}],"wp:attachment":[{"href":"https:\/\/ozince.com\/magaza\/wp-json\/wp\/v2\/media?parent=14853"}],"wp:term":[{"taxonomy":"product_brand","embeddable":true,"href":"https:\/\/ozince.com\/magaza\/wp-json\/wp\/v2\/product_brand?post=14853"},{"taxonomy":"product_cat","embeddable":true,"href":"https:\/\/ozince.com\/magaza\/wp-json\/wp\/v2\/product_cat?post=14853"},{"taxonomy":"product_tag","embeddable":true,"href":"https:\/\/ozince.com\/magaza\/wp-json\/wp\/v2\/product_tag?post=14853"}],"curies":[{"name":"wp","href":"https:\/\/api.w.org\/{rel}","templated":true}]}}