{"id":14825,"date":"2026-01-19T12:13:48","date_gmt":"2026-01-19T09:13:48","guid":{"rendered":"https:\/\/ozince.com\/magaza\/?post_type=product&#038;p=14825"},"modified":"2026-01-22T17:05:52","modified_gmt":"2026-01-22T14:05:52","slug":"ds-ds7-1-2-benzinli-periyodik-bakim-seti-orijinal","status":"publish","type":"product","link":"https:\/\/ozince.com\/magaza\/periyodik-bakim-ve-filtre-urunleri\/ds-ds7-1-2-benzinli-periyodik-bakim-seti-orijinal\/","title":{"rendered":"DS DS7 1.2 BENZ\u0130NL\u0130 PER\u0130YOD\u0130K BAKIM SET\u0130 OR\u0130J\u0130NAL"},"content":{"rendered":"<p>DS DS7 1.2 PURETECH MODELLER\u0130NE UYGUNDUR. SET \u0130\u00c7ER\u0130\u011e\u0130: MOTOR YA\u011e TOTAL HTC 4 L\u0130TRE, YA\u011e F\u0130LTRES\u0130, HAVA F\u0130LTRES\u0130 VE AKT\u0130F KARBONLU POLEN F\u0130LTRES\u0130 MEVCUTTUR. T\u00dcM F\u0130LTRE GRUBU OR\u0130J\u0130NALD\u0130R.<\/p>\n","protected":false},"excerpt":{"rendered":"<p>DS DS7 1.2 PURETECH MODELLER\u0130NE UYGUNDUR. SET \u0130\u00c7ER\u0130\u011e\u0130: MOTOR YA\u011e TOTAL HTC 4 L\u0130TRE, YA\u011e F\u0130LTRES\u0130, HAVA F\u0130LTRES\u0130 VE AKT\u0130F KARBONLU POLEN F\u0130LTRES\u0130 MEVCUTTUR. T\u00dcM F\u0130LTRE GRUBU OR\u0130J\u0130NALD\u0130R.<\/p>\n","protected":false},"featured_media":14800,"template":"","meta":[],"product_brand":[305],"product_cat":[489,352],"product_tag":[],"class_list":{"0":"post-14825","1":"product","2":"type-product","3":"status-publish","4":"has-post-thumbnail","6":"arac_markasi_modeli-ds","7":"arac_markasi_modeli-ds7","8":"product_brand-mopar","9":"product_cat-periyodik-bakim-seti","10":"product_cat-periyodik-bakim-ve-filtre-urunleri","12":"first","13":"instock","14":"taxable","15":"shipping-taxable","16":"purchasable","17":"product-type-simple"},"jetpack_sharing_enabled":true,"_links":{"self":[{"href":"https:\/\/ozince.com\/magaza\/wp-json\/wp\/v2\/product\/14825","targetHints":{"allow":["GET"]}}],"collection":[{"href":"https:\/\/ozince.com\/magaza\/wp-json\/wp\/v2\/product"}],"about":[{"href":"https:\/\/ozince.com\/magaza\/wp-json\/wp\/v2\/types\/product"}],"wp:featuredmedia":[{"embeddable":true,"href":"https:\/\/ozince.com\/magaza\/wp-json\/wp\/v2\/media\/14800"}],"wp:attachment":[{"href":"https:\/\/ozince.com\/magaza\/wp-json\/wp\/v2\/media?parent=14825"}],"wp:term":[{"taxonomy":"product_brand","embeddable":true,"href":"https:\/\/ozince.com\/magaza\/wp-json\/wp\/v2\/product_brand?post=14825"},{"taxonomy":"product_cat","embeddable":true,"href":"https:\/\/ozince.com\/magaza\/wp-json\/wp\/v2\/product_cat?post=14825"},{"taxonomy":"product_tag","embeddable":true,"href":"https:\/\/ozince.com\/magaza\/wp-json\/wp\/v2\/product_tag?post=14825"}],"curies":[{"name":"wp","href":"https:\/\/api.w.org\/{rel}","templated":true}]}}