{"id":14465,"date":"2026-03-05T08:13:44","date_gmt":"2026-03-05T05:13:44","guid":{"rendered":"https:\/\/ozince.com\/magaza\/kategorilenmemis\/alr-00010-silindir-kapagi-fiat-egea-punto-linea-doblo-fiorino-opel-corsa-d-astra-j-meriva-b-ag-ila-b-citroen-nemo-peugeot-bippper-tepee-che\/"},"modified":"2026-03-05T08:13:45","modified_gmt":"2026-03-05T05:13:45","slug":"alr-00010-silindir-kapagi-fiat-egea-punto-linea-doblo-fiorino-opel-corsa-d-astra-j-meriva-b-ag-ila-b-citroen-nemo-peugeot-bippper-tepee-che","status":"publish","type":"product","link":"https:\/\/ozince.com\/magaza\/motor-mekanik-urunleri\/alr-00010-silindir-kapagi-fiat-egea-punto-linea-doblo-fiorino-opel-corsa-d-astra-j-meriva-b-ag-ila-b-citroen-nemo-peugeot-bippper-tepee-che\/","title":{"rendered":"ALR-00010 S\u0130L\u0130ND\u0130R KAPA\u011eI FIAT EGEA \/ PUNTO \/ LINEA \/ DOBLO \/ F\u0130OR\u0130NO \/ OPEL CORSA D \/ ASTRA J \/ MERIVA B \/ AG ILA B \/ CITROEN NEMO \/ PEUGEOT BIPPPER TEPEE \/ CHE"},"content":{"rendered":"","protected":false},"excerpt":{"rendered":"","protected":false},"featured_media":0,"template":"","meta":[],"product_brand":[480],"product_cat":[298],"product_tag":[378],"class_list":{"0":"post-14465","1":"product","2":"type-product","3":"status-publish","5":"arac_markasi_modeli-astra-j","6":"arac_markasi_modeli-corsa-d","7":"arac_markasi_modeli-meriva","8":"arac_markasi_modeli-meriva-b","9":"arac_markasi_modeli-opel","10":"product_brand-alrea","11":"product_cat-motor-mekanik-urunleri","12":"product_tag-altay","14":"first","15":"instock","16":"taxable","17":"shipping-taxable","18":"purchasable","19":"product-type-simple"},"jetpack_sharing_enabled":true,"_links":{"self":[{"href":"https:\/\/ozince.com\/magaza\/wp-json\/wp\/v2\/product\/14465","targetHints":{"allow":["GET"]}}],"collection":[{"href":"https:\/\/ozince.com\/magaza\/wp-json\/wp\/v2\/product"}],"about":[{"href":"https:\/\/ozince.com\/magaza\/wp-json\/wp\/v2\/types\/product"}],"wp:attachment":[{"href":"https:\/\/ozince.com\/magaza\/wp-json\/wp\/v2\/media?parent=14465"}],"wp:term":[{"taxonomy":"product_brand","embeddable":true,"href":"https:\/\/ozince.com\/magaza\/wp-json\/wp\/v2\/product_brand?post=14465"},{"taxonomy":"product_cat","embeddable":true,"href":"https:\/\/ozince.com\/magaza\/wp-json\/wp\/v2\/product_cat?post=14465"},{"taxonomy":"product_tag","embeddable":true,"href":"https:\/\/ozince.com\/magaza\/wp-json\/wp\/v2\/product_tag?post=14465"}],"curies":[{"name":"wp","href":"https:\/\/api.w.org\/{rel}","templated":true}]}}