{"id":13282,"date":"2025-11-21T13:05:34","date_gmt":"2025-11-21T10:05:34","guid":{"rendered":"https:\/\/ozince.com\/magaza\/?post_type=product&#038;p=13282"},"modified":"2025-11-21T13:05:34","modified_gmt":"2025-11-21T10:05:34","slug":"psa-1677682980-ds-ds9-on-silecek-supurge-takimi","status":"publish","type":"product","link":"https:\/\/ozince.com\/magaza\/aksesuar-urunleri\/psa-1677682980-ds-ds9-on-silecek-supurge-takimi\/","title":{"rendered":"PSA 1677682980 DS DS9 \u00d6N S\u0130LECEK S\u00dcP\u00dcRGE TAKIMI"},"content":{"rendered":"<p>OR\u0130J\u0130NAL \u00dcR\u00dcND\u00dcR. TAKIM OLARAK SEVK ED\u0130LMEKTED\u0130R. S\u0130PAR\u0130\u015e VERMEDEN \u00d6NCE \u015eASE NUMARASI \u0130LE TEY\u0130T ETT\u0130R\u0130LMES\u0130 TAVS\u0130YE ED\u0130L\u0130R. 2020&gt; MODEL VE \u00dcST\u00dc MODELLER\u0130NE UYGUNDUR.<\/p>\n","protected":false},"excerpt":{"rendered":"<p>OR\u0130J\u0130NAL \u00dcR\u00dcND\u00dcR. TAKIM OLARAK SEVK ED\u0130LMEKTED\u0130R. S\u0130PAR\u0130\u015e VERMEDEN \u00d6NCE \u015eASE NUMARASI \u0130LE TEY\u0130T ETT\u0130R\u0130LMES\u0130 TAVS\u0130YE ED\u0130L\u0130R. 2020&gt; MODEL VE \u00dcST\u00dc MODELLER\u0130NE UYGUNDUR.<\/p>\n","protected":false},"featured_media":13283,"template":"","meta":[],"product_brand":[293],"product_cat":[401],"product_tag":[],"class_list":{"0":"post-13282","1":"product","2":"type-product","3":"status-publish","4":"has-post-thumbnail","6":"arac_markasi_modeli-ds","7":"arac_markasi_modeli-ds9","8":"product_brand-psa","9":"product_cat-aksesuar-urunleri","11":"first","12":"instock","13":"taxable","14":"shipping-taxable","15":"purchasable","16":"product-type-simple"},"jetpack_sharing_enabled":true,"_links":{"self":[{"href":"https:\/\/ozince.com\/magaza\/wp-json\/wp\/v2\/product\/13282","targetHints":{"allow":["GET"]}}],"collection":[{"href":"https:\/\/ozince.com\/magaza\/wp-json\/wp\/v2\/product"}],"about":[{"href":"https:\/\/ozince.com\/magaza\/wp-json\/wp\/v2\/types\/product"}],"wp:featuredmedia":[{"embeddable":true,"href":"https:\/\/ozince.com\/magaza\/wp-json\/wp\/v2\/media\/13283"}],"wp:attachment":[{"href":"https:\/\/ozince.com\/magaza\/wp-json\/wp\/v2\/media?parent=13282"}],"wp:term":[{"taxonomy":"product_brand","embeddable":true,"href":"https:\/\/ozince.com\/magaza\/wp-json\/wp\/v2\/product_brand?post=13282"},{"taxonomy":"product_cat","embeddable":true,"href":"https:\/\/ozince.com\/magaza\/wp-json\/wp\/v2\/product_cat?post=13282"},{"taxonomy":"product_tag","embeddable":true,"href":"https:\/\/ozince.com\/magaza\/wp-json\/wp\/v2\/product_tag?post=13282"}],"curies":[{"name":"wp","href":"https:\/\/api.w.org\/{rel}","templated":true}]}}