{"id":13280,"date":"2025-11-21T12:59:51","date_gmt":"2025-11-21T09:59:51","guid":{"rendered":"https:\/\/ozince.com\/magaza\/?post_type=product&#038;p=13280"},"modified":"2025-11-21T12:59:51","modified_gmt":"2025-11-21T09:59:51","slug":"psa-1686454780-ds-ds9-peugeot-508-on-silecek-supurge-takimi","status":"publish","type":"product","link":"https:\/\/ozince.com\/magaza\/aksesuar-urunleri\/psa-1686454780-ds-ds9-peugeot-508-on-silecek-supurge-takimi\/","title":{"rendered":"PSA 1686454780 DS DS9 &#8211; PEUGEOT 508 \u00d6N S\u0130LECEK S\u00dcP\u00dcRGE TAKIMI"},"content":{"rendered":"<p><!--StartFragment --><span class=\"cf0\">OR<\/span><span class=\"cf1\">\u0130<\/span><span class=\"cf0\">J<\/span><span class=\"cf1\">\u0130<\/span><span class=\"cf0\">NAL <\/span><span class=\"cf2\">\u00dc<\/span><span class=\"cf0\">R<\/span><span class=\"cf2\">\u00dc<\/span><span class=\"cf0\">ND<\/span><span class=\"cf2\">\u00dc<\/span><span class=\"cf0\">R. TAKIM OLARAK SEVK ED<\/span><span class=\"cf1\">\u0130<\/span><span class=\"cf0\">LMEKTED<\/span><span class=\"cf1\">\u0130<\/span><span class=\"cf0\">R. 650MM \/ 430MM&#8217;D<\/span><span class=\"cf1\">\u0130<\/span><span class=\"cf0\">R <\/span><span class=\"cf2\">\u00d6<\/span><span class=\"cf0\">L<\/span><span class=\"cf2\">\u00c7\u00dc<\/span><span class=\"cf0\">LER<\/span><span class=\"cf1\">\u0130<\/span><span class=\"cf0\">. <\/span><!--EndFragment --><\/p>\n","protected":false},"excerpt":{"rendered":"<p>OR\u0130J\u0130NAL \u00dcR\u00dcND\u00dcR. TAKIM OLARAK SEVK ED\u0130LMEKTED\u0130R. 650MM \/ 430MM&#8217;D\u0130R \u00d6L\u00c7\u00dcLER\u0130.<\/p>\n","protected":false},"featured_media":13281,"template":"","meta":[],"product_brand":[293],"product_cat":[401],"product_tag":[],"class_list":{"0":"post-13280","1":"product","2":"type-product","3":"status-publish","4":"has-post-thumbnail","6":"arac_markasi_modeli-363","7":"arac_markasi_modeli-ds","8":"arac_markasi_modeli-ds9","9":"arac_markasi_modeli-peugeot","10":"product_brand-psa","11":"product_cat-aksesuar-urunleri","13":"first","14":"instock","15":"taxable","16":"shipping-taxable","17":"purchasable","18":"product-type-simple"},"jetpack_sharing_enabled":true,"_links":{"self":[{"href":"https:\/\/ozince.com\/magaza\/wp-json\/wp\/v2\/product\/13280","targetHints":{"allow":["GET"]}}],"collection":[{"href":"https:\/\/ozince.com\/magaza\/wp-json\/wp\/v2\/product"}],"about":[{"href":"https:\/\/ozince.com\/magaza\/wp-json\/wp\/v2\/types\/product"}],"wp:featuredmedia":[{"embeddable":true,"href":"https:\/\/ozince.com\/magaza\/wp-json\/wp\/v2\/media\/13281"}],"wp:attachment":[{"href":"https:\/\/ozince.com\/magaza\/wp-json\/wp\/v2\/media?parent=13280"}],"wp:term":[{"taxonomy":"product_brand","embeddable":true,"href":"https:\/\/ozince.com\/magaza\/wp-json\/wp\/v2\/product_brand?post=13280"},{"taxonomy":"product_cat","embeddable":true,"href":"https:\/\/ozince.com\/magaza\/wp-json\/wp\/v2\/product_cat?post=13280"},{"taxonomy":"product_tag","embeddable":true,"href":"https:\/\/ozince.com\/magaza\/wp-json\/wp\/v2\/product_tag?post=13280"}],"curies":[{"name":"wp","href":"https:\/\/api.w.org\/{rel}","templated":true}]}}