{"id":13273,"date":"2025-11-20T17:01:58","date_gmt":"2025-11-20T14:01:58","guid":{"rendered":"https:\/\/ozince.com\/magaza\/?post_type=product&#038;p=13273"},"modified":"2025-11-20T17:01:58","modified_gmt":"2025-11-20T14:01:58","slug":"mopar-9804605780-ds-ds9-ds7-on-fren-diski-takimi","status":"publish","type":"product","link":"https:\/\/ozince.com\/magaza\/fren-sistemi-urunleri\/mopar-9804605780-ds-ds9-ds7-on-fren-diski-takimi\/","title":{"rendered":"MOPAR 9804605780 DS DS9 &#8211; DS7 \u00d6N FREN D\u0130SK\u0130 TAKIMI"},"content":{"rendered":"<p><!--StartFragment --><span class=\"cf0\">OR<\/span><span class=\"cf1\">\u0130<\/span><span class=\"cf0\">J<\/span><span class=\"cf1\">\u0130<\/span><span class=\"cf0\">NAL <\/span><span class=\"cf2\">\u00dc<\/span><span class=\"cf0\">R<\/span><span class=\"cf2\">\u00dc<\/span><span class=\"cf0\">ND<\/span><span class=\"cf2\">\u00dc<\/span><span class=\"cf0\">R.<\/span><span class=\"cf2\"> DS DS4 &#8211; DS7 &#8211; DS9 MODELLER\u0130NE UYGUNDUR. D\u0131\u015f \u00e7ap 330 mm Fren diski kal\u0131nl\u0131\u011f\u0131 30 mm Asgari kal\u0131nl\u0131k 28 mm Y\u00fckseklik 48 mm Delik say\u0131s\u0131 5. \u00dcR\u00dcN TAKIM OLARAK 2 ADET SEVK ED\u0130LMEKTED\u0130R.<\/span><!--EndFragment --><\/p>\n","protected":false},"excerpt":{"rendered":"<p>OR\u0130J\u0130NAL \u00dcR\u00dcND\u00dcR. DS DS4 &#8211; DS7 &#8211; DS9 MODELLER\u0130NE UYGUNDUR. D\u0131\u015f \u00e7ap 330 mm Fren diski kal\u0131nl\u0131\u011f\u0131 30 mm Asgari kal\u0131nl\u0131k 28 mm Y\u00fckseklik 48 mm Delik say\u0131s\u0131 5. \u00dcR\u00dcN TAKIM OLARAK 2 ADET SEVK ED\u0130LMEKTED\u0130R.<\/p>\n","protected":false},"featured_media":13274,"template":"","meta":[],"product_brand":[305],"product_cat":[257],"product_tag":[],"class_list":{"0":"post-13273","1":"product","2":"type-product","3":"status-publish","4":"has-post-thumbnail","6":"arac_markasi_modeli-ds","7":"arac_markasi_modeli-ds7","8":"arac_markasi_modeli-ds9","9":"product_brand-mopar","10":"product_cat-fren-sistemi-urunleri","12":"first","13":"instock","14":"taxable","15":"shipping-taxable","16":"purchasable","17":"product-type-simple"},"jetpack_sharing_enabled":true,"_links":{"self":[{"href":"https:\/\/ozince.com\/magaza\/wp-json\/wp\/v2\/product\/13273","targetHints":{"allow":["GET"]}}],"collection":[{"href":"https:\/\/ozince.com\/magaza\/wp-json\/wp\/v2\/product"}],"about":[{"href":"https:\/\/ozince.com\/magaza\/wp-json\/wp\/v2\/types\/product"}],"wp:featuredmedia":[{"embeddable":true,"href":"https:\/\/ozince.com\/magaza\/wp-json\/wp\/v2\/media\/13274"}],"wp:attachment":[{"href":"https:\/\/ozince.com\/magaza\/wp-json\/wp\/v2\/media?parent=13273"}],"wp:term":[{"taxonomy":"product_brand","embeddable":true,"href":"https:\/\/ozince.com\/magaza\/wp-json\/wp\/v2\/product_brand?post=13273"},{"taxonomy":"product_cat","embeddable":true,"href":"https:\/\/ozince.com\/magaza\/wp-json\/wp\/v2\/product_cat?post=13273"},{"taxonomy":"product_tag","embeddable":true,"href":"https:\/\/ozince.com\/magaza\/wp-json\/wp\/v2\/product_tag?post=13273"}],"curies":[{"name":"wp","href":"https:\/\/api.w.org\/{rel}","templated":true}]}}