{"id":13272,"date":"2025-11-20T16:47:54","date_gmt":"2025-11-20T13:47:54","guid":{"rendered":"https:\/\/ozince.com\/magaza\/?post_type=product&#038;p=13272"},"modified":"2025-11-20T16:47:54","modified_gmt":"2025-11-20T13:47:54","slug":"bosch-0986479d70-opel-grandland-x-on-fren-diski-takimi","status":"publish","type":"product","link":"https:\/\/ozince.com\/magaza\/fren-sistemi-urunleri\/bosch-0986479d70-opel-grandland-x-on-fren-diski-takimi\/","title":{"rendered":"BOSCH 0986479D70 OPEL GRANDLAND X \u00d6N FREN D\u0130SK\u0130 TAKIMI"},"content":{"rendered":"<p><!--StartFragment --><span class=\"cf0\">\u00dc<\/span><span class=\"cf1\">R<\/span><span class=\"cf0\">\u00dc<\/span><span class=\"cf1\">N OPEL GRANDLAND X MODEL<\/span><span class=\"cf2\">\u0130<\/span><span class=\"cf1\">NE UYGUNDUR. <\/span><span class=\"cf3\">D\u0131\u015f \u00e7ap 330 mm Fren diski kal\u0131nl\u0131\u011f\u0131 30 mm Asgari kal\u0131nl\u0131k 28 mm Y\u00fckseklik 48 mm Delik say\u0131s\u0131 5. \u00dcR\u00dcN TAKIM OLARAK 2 ADET SEVK ED\u0130LMEKTED\u0130R.<\/span><!--EndFragment --><\/p>\n","protected":false},"excerpt":{"rendered":"<p>\u00dcR\u00dcN OPEL GRANDLAND X MODEL\u0130NE UYGUNDUR. D\u0131\u015f \u00e7ap 330 mm Fren diski kal\u0131nl\u0131\u011f\u0131 30 mm Asgari kal\u0131nl\u0131k 28 mm Y\u00fckseklik 48 mm Delik say\u0131s\u0131 5. \u00dcR\u00dcN TAKIM OLARAK 2 ADET SEVK ED\u0130LMEKTED\u0130R.<\/p>\n","protected":false},"featured_media":13268,"template":"","meta":[],"product_brand":[190],"product_cat":[257],"product_tag":[],"class_list":{"0":"post-13272","1":"product","2":"type-product","3":"status-publish","4":"has-post-thumbnail","6":"arac_markasi_modeli-grandland-x","7":"arac_markasi_modeli-opel","8":"product_brand-bosch","9":"product_cat-fren-sistemi-urunleri","11":"first","12":"instock","13":"taxable","14":"shipping-taxable","15":"purchasable","16":"product-type-simple"},"jetpack_sharing_enabled":true,"_links":{"self":[{"href":"https:\/\/ozince.com\/magaza\/wp-json\/wp\/v2\/product\/13272","targetHints":{"allow":["GET"]}}],"collection":[{"href":"https:\/\/ozince.com\/magaza\/wp-json\/wp\/v2\/product"}],"about":[{"href":"https:\/\/ozince.com\/magaza\/wp-json\/wp\/v2\/types\/product"}],"wp:featuredmedia":[{"embeddable":true,"href":"https:\/\/ozince.com\/magaza\/wp-json\/wp\/v2\/media\/13268"}],"wp:attachment":[{"href":"https:\/\/ozince.com\/magaza\/wp-json\/wp\/v2\/media?parent=13272"}],"wp:term":[{"taxonomy":"product_brand","embeddable":true,"href":"https:\/\/ozince.com\/magaza\/wp-json\/wp\/v2\/product_brand?post=13272"},{"taxonomy":"product_cat","embeddable":true,"href":"https:\/\/ozince.com\/magaza\/wp-json\/wp\/v2\/product_cat?post=13272"},{"taxonomy":"product_tag","embeddable":true,"href":"https:\/\/ozince.com\/magaza\/wp-json\/wp\/v2\/product_tag?post=13272"}],"curies":[{"name":"wp","href":"https:\/\/api.w.org\/{rel}","templated":true}]}}