{"id":13271,"date":"2025-11-20T16:45:22","date_gmt":"2025-11-20T13:45:22","guid":{"rendered":"https:\/\/ozince.com\/magaza\/?post_type=product&#038;p=13271"},"modified":"2025-11-20T16:46:03","modified_gmt":"2025-11-20T13:46:03","slug":"bosch-0986479d70-citroen-c5-aircross-on-fren-diski-takimi","status":"publish","type":"product","link":"https:\/\/ozince.com\/magaza\/fren-sistemi-urunleri\/bosch-0986479d70-citroen-c5-aircross-on-fren-diski-takimi\/","title":{"rendered":"BOSCH 0986479D70 C\u0130TROEN C5 A\u0130RCROSS \u00d6N FREN D\u0130SK\u0130 TAKIMI"},"content":{"rendered":"<p><!--StartFragment --><span class=\"cf0\">\u00dcR\u00dcN C<\/span><span class=\"cf1\">\u0130TROEN C5 A\u0130RCROSS<\/span><span class=\"cf2\"> MODELLER<\/span><span class=\"cf3\">\u0130<\/span><span class=\"cf2\">NE UYGUNDUR. <\/span><span class=\"cf4\">D\u0131\u015f \u00e7ap 330 mm Fren diski kal\u0131nl\u0131\u011f\u0131 30 mm Asgari kal\u0131nl\u0131k 28 mm Y\u00fckseklik 48 mm Delik say\u0131s\u0131 5. \u00dcR\u00dcN TAKIM OLARAK 2 ADET SEVK ED\u0130LMEKTED\u0130R.<\/span><!--EndFragment --><\/p>\n","protected":false},"excerpt":{"rendered":"<p>\u00dcR\u00dcN C\u0130TROEN C5 A\u0130RCROSS MODELLER\u0130NE UYGUNDUR. D\u0131\u015f \u00e7ap 330 mm Fren diski kal\u0131nl\u0131\u011f\u0131 30 mm Asgari kal\u0131nl\u0131k 28 mm Y\u00fckseklik 48 mm Delik say\u0131s\u0131 5. \u00dcR\u00dcN TAKIM OLARAK 2 ADET SEVK ED\u0130LMEKTED\u0130R.<\/p>\n","protected":false},"featured_media":13268,"template":"","meta":[],"product_brand":[190],"product_cat":[257],"product_tag":[],"class_list":{"0":"post-13271","1":"product","2":"type-product","3":"status-publish","4":"has-post-thumbnail","6":"arac_markasi_modeli-c5","7":"arac_markasi_modeli-citroen","8":"product_brand-bosch","9":"product_cat-fren-sistemi-urunleri","11":"first","12":"instock","13":"taxable","14":"shipping-taxable","15":"purchasable","16":"product-type-simple"},"jetpack_sharing_enabled":true,"_links":{"self":[{"href":"https:\/\/ozince.com\/magaza\/wp-json\/wp\/v2\/product\/13271","targetHints":{"allow":["GET"]}}],"collection":[{"href":"https:\/\/ozince.com\/magaza\/wp-json\/wp\/v2\/product"}],"about":[{"href":"https:\/\/ozince.com\/magaza\/wp-json\/wp\/v2\/types\/product"}],"wp:featuredmedia":[{"embeddable":true,"href":"https:\/\/ozince.com\/magaza\/wp-json\/wp\/v2\/media\/13268"}],"wp:attachment":[{"href":"https:\/\/ozince.com\/magaza\/wp-json\/wp\/v2\/media?parent=13271"}],"wp:term":[{"taxonomy":"product_brand","embeddable":true,"href":"https:\/\/ozince.com\/magaza\/wp-json\/wp\/v2\/product_brand?post=13271"},{"taxonomy":"product_cat","embeddable":true,"href":"https:\/\/ozince.com\/magaza\/wp-json\/wp\/v2\/product_cat?post=13271"},{"taxonomy":"product_tag","embeddable":true,"href":"https:\/\/ozince.com\/magaza\/wp-json\/wp\/v2\/product_tag?post=13271"}],"curies":[{"name":"wp","href":"https:\/\/api.w.org\/{rel}","templated":true}]}}