{"id":13270,"date":"2025-11-20T16:43:06","date_gmt":"2025-11-20T13:43:06","guid":{"rendered":"https:\/\/ozince.com\/magaza\/?post_type=product&#038;p=13270"},"modified":"2025-11-20T16:43:06","modified_gmt":"2025-11-20T13:43:06","slug":"bosch-0986479d70-peugeot-308-508-3008-on-fren-diski-takimi","status":"publish","type":"product","link":"https:\/\/ozince.com\/magaza\/fren-sistemi-urunleri\/bosch-0986479d70-peugeot-308-508-3008-on-fren-diski-takimi\/","title":{"rendered":"BOSCH 0986479D70 PEUGEOT 308 &#8211; 508 &#8211; 3008 \u00d6N FREN D\u0130SK\u0130 TAKIMI"},"content":{"rendered":"<p><!--StartFragment --><span class=\"cf0\">\u00dcR\u00dcN PEUGEOT 308 &#8211; 508 &#8211; 3008 MODELLER<\/span><span class=\"cf1\">\u0130NE UYGUNDUR. D\u0131\u015f <\/span><span class=\"cf0\">\u00e7ap 330 mm Fren diski kal<\/span><span class=\"cf1\">\u0131nl\u0131\u011f\u0131 30 mm Asgari kal\u0131nl\u0131k 28 mm Y<\/span><span class=\"cf0\">\u00fckseklik 48 mm Delik say<\/span><span class=\"cf1\">\u0131s\u0131 5. <\/span><span class=\"cf0\">\u00dcR\u00dcN TAKIM OLARAK 2 ADET SEVK ED<\/span><span class=\"cf1\">\u0130LMEKTED\u0130R. <\/span><!--EndFragment --><\/p>\n","protected":false},"excerpt":{"rendered":"<p>\u00dcR\u00dcN PEUGEOT 308 &#8211; 508 &#8211; 3008 MODELLER\u0130NE UYGUNDUR. D\u0131\u015f \u00e7ap 330 mm Fren diski kal\u0131nl\u0131\u011f\u0131 30 mm Asgari kal\u0131nl\u0131k 28 mm Y\u00fckseklik 48 mm Delik say\u0131s\u0131 5. \u00dcR\u00dcN TAKIM OLARAK 2 ADET SEVK ED\u0130LMEKTED\u0130R.<\/p>\n","protected":false},"featured_media":13268,"template":"","meta":[],"product_brand":[190],"product_cat":[257],"product_tag":[],"class_list":{"0":"post-13270","1":"product","2":"type-product","3":"status-publish","4":"has-post-thumbnail","6":"arac_markasi_modeli-249","7":"arac_markasi_modeli-302","8":"arac_markasi_modeli-363","9":"arac_markasi_modeli-peugeot","10":"product_brand-bosch","11":"product_cat-fren-sistemi-urunleri","13":"first","14":"instock","15":"taxable","16":"shipping-taxable","17":"purchasable","18":"product-type-simple"},"jetpack_sharing_enabled":true,"_links":{"self":[{"href":"https:\/\/ozince.com\/magaza\/wp-json\/wp\/v2\/product\/13270","targetHints":{"allow":["GET"]}}],"collection":[{"href":"https:\/\/ozince.com\/magaza\/wp-json\/wp\/v2\/product"}],"about":[{"href":"https:\/\/ozince.com\/magaza\/wp-json\/wp\/v2\/types\/product"}],"wp:featuredmedia":[{"embeddable":true,"href":"https:\/\/ozince.com\/magaza\/wp-json\/wp\/v2\/media\/13268"}],"wp:attachment":[{"href":"https:\/\/ozince.com\/magaza\/wp-json\/wp\/v2\/media?parent=13270"}],"wp:term":[{"taxonomy":"product_brand","embeddable":true,"href":"https:\/\/ozince.com\/magaza\/wp-json\/wp\/v2\/product_brand?post=13270"},{"taxonomy":"product_cat","embeddable":true,"href":"https:\/\/ozince.com\/magaza\/wp-json\/wp\/v2\/product_cat?post=13270"},{"taxonomy":"product_tag","embeddable":true,"href":"https:\/\/ozince.com\/magaza\/wp-json\/wp\/v2\/product_tag?post=13270"}],"curies":[{"name":"wp","href":"https:\/\/api.w.org\/{rel}","templated":true}]}}