{"id":13265,"date":"2025-11-20T12:31:53","date_gmt":"2025-11-20T09:31:53","guid":{"rendered":"https:\/\/ozince.com\/magaza\/?post_type=product&#038;p=13265"},"modified":"2025-11-20T12:31:53","modified_gmt":"2025-11-20T09:31:53","slug":"mopar-9820226380-peugeot-208-2008-3008-1-5-bluehdi-mazot-filtresi","status":"publish","type":"product","link":"https:\/\/ozince.com\/magaza\/periyodik-bakim-ve-filtre-urunleri\/mopar-9820226380-peugeot-208-2008-3008-1-5-bluehdi-mazot-filtresi\/","title":{"rendered":"MOPAR 9820226380 PEUGEOT 208 \u2013 2008 \u2013 3008 1.5 BLUEHD\u0130 MAZOT F\u0130LTRES\u0130"},"content":{"rendered":"<p>OR\u0130J\u0130NAL \u00dcR\u00dcND\u00dcR. PEUGEOT PARTNER \/ 301 \/ 208 \/ 308 508 \/ 2008 \/ 3008 1.5 D\u0130ZEL MODELLER\u0130NE UYGUNDUR.<\/p>\n<p>TEKN\u0130K B\u0130LG\u0130<\/p>\n<p>\u0130\u00c7 \u00c7AP (MM): 49<br \/>\nY\u00dcKSEKL\u0130K (MM): 66<br \/>\nDI\u015e \u00c7AP (MM): 95<\/p>\n","protected":false},"excerpt":{"rendered":"<p>OR\u0130J\u0130NAL \u00dcR\u00dcND\u00dcR. PEUGEOT PARTNER \/ 301 \/ 208 \/ 308 508 \/ 2008 \/ 3008 1.5 D\u0130ZEL MODELLER\u0130NE UYGUNDUR. TEKN\u0130K B\u0130LG\u0130 \u0130\u00c7 \u00c7AP (MM): 49 Y\u00dcKSEKL\u0130K (MM): 66 DI\u015e \u00c7AP (MM): 95<\/p>\n","protected":false},"featured_media":13263,"template":"","meta":[],"product_brand":[305],"product_cat":[352],"product_tag":[],"class_list":{"0":"post-13265","1":"product","2":"type-product","3":"status-publish","4":"has-post-thumbnail","6":"arac_markasi_modeli-250","7":"arac_markasi_modeli-282","8":"arac_markasi_modeli-249","9":"arac_markasi_modeli-peugeot","10":"product_brand-mopar","11":"product_cat-periyodik-bakim-ve-filtre-urunleri","13":"first","14":"instock","15":"taxable","16":"shipping-taxable","17":"purchasable","18":"product-type-simple"},"jetpack_sharing_enabled":true,"_links":{"self":[{"href":"https:\/\/ozince.com\/magaza\/wp-json\/wp\/v2\/product\/13265","targetHints":{"allow":["GET"]}}],"collection":[{"href":"https:\/\/ozince.com\/magaza\/wp-json\/wp\/v2\/product"}],"about":[{"href":"https:\/\/ozince.com\/magaza\/wp-json\/wp\/v2\/types\/product"}],"wp:featuredmedia":[{"embeddable":true,"href":"https:\/\/ozince.com\/magaza\/wp-json\/wp\/v2\/media\/13263"}],"wp:attachment":[{"href":"https:\/\/ozince.com\/magaza\/wp-json\/wp\/v2\/media?parent=13265"}],"wp:term":[{"taxonomy":"product_brand","embeddable":true,"href":"https:\/\/ozince.com\/magaza\/wp-json\/wp\/v2\/product_brand?post=13265"},{"taxonomy":"product_cat","embeddable":true,"href":"https:\/\/ozince.com\/magaza\/wp-json\/wp\/v2\/product_cat?post=13265"},{"taxonomy":"product_tag","embeddable":true,"href":"https:\/\/ozince.com\/magaza\/wp-json\/wp\/v2\/product_tag?post=13265"}],"curies":[{"name":"wp","href":"https:\/\/api.w.org\/{rel}","templated":true}]}}