{"id":13264,"date":"2025-11-20T12:29:11","date_gmt":"2025-11-20T09:29:11","guid":{"rendered":"https:\/\/ozince.com\/magaza\/?post_type=product&#038;p=13264"},"modified":"2025-11-20T12:29:11","modified_gmt":"2025-11-20T09:29:11","slug":"mopar-9820226380-ds-1-5-bluehdi-mazot-filtresi","status":"publish","type":"product","link":"https:\/\/ozince.com\/magaza\/periyodik-bakim-ve-filtre-urunleri\/mopar-9820226380-ds-1-5-bluehdi-mazot-filtresi\/","title":{"rendered":"MOPAR 9820226380 DS 1.5 BLUEHD\u0130 MAZOT F\u0130LTRES\u0130"},"content":{"rendered":"<p>OR\u0130J\u0130NAL \u00dcR\u00dcND\u00dcR. DS 1.5 D\u0130ZEL MODELLER\u0130NE UYGUNDUR.<\/p>\n<p>TEKN\u0130K B\u0130LG\u0130<\/p>\n<p>\u0130\u00c7 \u00c7AP (MM): 49<br \/>\nY\u00dcKSEKL\u0130K (MM): 66<br \/>\nDI\u015e \u00c7AP (MM): 95<\/p>\n","protected":false},"excerpt":{"rendered":"<p>OR\u0130J\u0130NAL \u00dcR\u00dcND\u00dcR. DS 1.5 D\u0130ZEL MODELLER\u0130NE UYGUNDUR. TEKN\u0130K B\u0130LG\u0130 \u0130\u00c7 \u00c7AP (MM): 49 Y\u00dcKSEKL\u0130K (MM): 66 DI\u015e \u00c7AP (MM): 95<\/p>\n","protected":false},"featured_media":13263,"template":"","meta":[],"product_brand":[293],"product_cat":[352],"product_tag":[],"class_list":{"0":"post-13264","1":"product","2":"type-product","3":"status-publish","4":"has-post-thumbnail","6":"arac_markasi_modeli-ds","7":"arac_markasi_modeli-ds3","8":"arac_markasi_modeli-ds7","9":"product_brand-psa","10":"product_cat-periyodik-bakim-ve-filtre-urunleri","12":"first","13":"instock","14":"taxable","15":"shipping-taxable","16":"purchasable","17":"product-type-simple"},"jetpack_sharing_enabled":true,"_links":{"self":[{"href":"https:\/\/ozince.com\/magaza\/wp-json\/wp\/v2\/product\/13264","targetHints":{"allow":["GET"]}}],"collection":[{"href":"https:\/\/ozince.com\/magaza\/wp-json\/wp\/v2\/product"}],"about":[{"href":"https:\/\/ozince.com\/magaza\/wp-json\/wp\/v2\/types\/product"}],"wp:featuredmedia":[{"embeddable":true,"href":"https:\/\/ozince.com\/magaza\/wp-json\/wp\/v2\/media\/13263"}],"wp:attachment":[{"href":"https:\/\/ozince.com\/magaza\/wp-json\/wp\/v2\/media?parent=13264"}],"wp:term":[{"taxonomy":"product_brand","embeddable":true,"href":"https:\/\/ozince.com\/magaza\/wp-json\/wp\/v2\/product_brand?post=13264"},{"taxonomy":"product_cat","embeddable":true,"href":"https:\/\/ozince.com\/magaza\/wp-json\/wp\/v2\/product_cat?post=13264"},{"taxonomy":"product_tag","embeddable":true,"href":"https:\/\/ozince.com\/magaza\/wp-json\/wp\/v2\/product_tag?post=13264"}],"curies":[{"name":"wp","href":"https:\/\/api.w.org\/{rel}","templated":true}]}}