{"id":13260,"date":"2025-11-20T12:16:50","date_gmt":"2025-11-20T09:16:50","guid":{"rendered":"https:\/\/ozince.com\/magaza\/?post_type=product&#038;p=13260"},"modified":"2025-11-20T12:16:50","modified_gmt":"2025-11-20T09:16:50","slug":"psa-1567c6-citroen-c2-c3-c4-benzin-filtresi","status":"publish","type":"product","link":"https:\/\/ozince.com\/magaza\/periyodik-bakim-ve-filtre-urunleri\/psa-1567c6-citroen-c2-c3-c4-benzin-filtresi\/","title":{"rendered":"PSA 1567C6 C\u0130TROEN C2 &#8211; C3 &#8211; C4 BENZ\u0130N F\u0130LTRES\u0130"},"content":{"rendered":"<p>OR\u0130J\u0130NAL \u00dcR\u00dcND\u00dcR. S\u0130PAR\u0130\u015e VERMEDEN \u00d6NCE \u015eASE NUMARASI \u0130LE TEY\u0130T ETT\u0130RMEN\u0130Z TAVS\u0130YE ED\u0130L\u0130R.<\/p>\n","protected":false},"excerpt":{"rendered":"<p>OR\u0130J\u0130NAL \u00dcR\u00dcND\u00dcR. S\u0130PAR\u0130\u015e VERMEDEN \u00d6NCE \u015eASE NUMARASI \u0130LE TEY\u0130T ETT\u0130RMEN\u0130Z TAVS\u0130YE ED\u0130L\u0130R.<\/p>\n","protected":false},"featured_media":13258,"template":"","meta":[],"product_brand":[293],"product_cat":[352],"product_tag":[],"class_list":{"0":"post-13260","1":"product","2":"type-product","3":"status-publish","4":"has-post-thumbnail","6":"arac_markasi_modeli-c2","7":"arac_markasi_modeli-c3","8":"arac_markasi_modeli-c4","9":"arac_markasi_modeli-citroen","10":"product_brand-psa","11":"product_cat-periyodik-bakim-ve-filtre-urunleri","13":"first","14":"instock","15":"taxable","16":"shipping-taxable","17":"purchasable","18":"product-type-simple"},"jetpack_sharing_enabled":true,"_links":{"self":[{"href":"https:\/\/ozince.com\/magaza\/wp-json\/wp\/v2\/product\/13260","targetHints":{"allow":["GET"]}}],"collection":[{"href":"https:\/\/ozince.com\/magaza\/wp-json\/wp\/v2\/product"}],"about":[{"href":"https:\/\/ozince.com\/magaza\/wp-json\/wp\/v2\/types\/product"}],"wp:featuredmedia":[{"embeddable":true,"href":"https:\/\/ozince.com\/magaza\/wp-json\/wp\/v2\/media\/13258"}],"wp:attachment":[{"href":"https:\/\/ozince.com\/magaza\/wp-json\/wp\/v2\/media?parent=13260"}],"wp:term":[{"taxonomy":"product_brand","embeddable":true,"href":"https:\/\/ozince.com\/magaza\/wp-json\/wp\/v2\/product_brand?post=13260"},{"taxonomy":"product_cat","embeddable":true,"href":"https:\/\/ozince.com\/magaza\/wp-json\/wp\/v2\/product_cat?post=13260"},{"taxonomy":"product_tag","embeddable":true,"href":"https:\/\/ozince.com\/magaza\/wp-json\/wp\/v2\/product_tag?post=13260"}],"curies":[{"name":"wp","href":"https:\/\/api.w.org\/{rel}","templated":true}]}}