{"id":13122,"date":"2025-11-14T17:12:17","date_gmt":"2025-11-14T14:12:17","guid":{"rendered":"https:\/\/ozince.com\/magaza\/?post_type=product&#038;p=13122"},"modified":"2025-11-14T17:12:18","modified_gmt":"2025-11-14T14:12:18","slug":"psa-1647877180-citroen-c5-on-fren-balatasi","status":"publish","type":"product","link":"https:\/\/ozince.com\/magaza\/fren-sistemi-urunleri\/psa-1647877180-citroen-c5-on-fren-balatasi\/","title":{"rendered":"PSA 1647877180 C\u0130TROEN C5 \u00d6N FREN BALATASI"},"content":{"rendered":"<p>TAKIM OLARAK SATILMAKTADIR. S\u0130PAR\u0130\u015e VERMEDEN \u00d6NCE ARA\u00c7 \u015eASE NUMARASI \u0130LE TEY\u0130T ED\u0130LMES\u0130 TAVS\u0130YE ED\u0130L\u0130R.<\/p>\n","protected":false},"excerpt":{"rendered":"<p>TAKIM OLARAK SATILMAKTADIR. S\u0130PAR\u0130\u015e VERMEDEN \u00d6NCE ARA\u00c7 \u015eASE NUMARASI \u0130LE TEY\u0130T ED\u0130LMES\u0130 TAVS\u0130YE ED\u0130L\u0130R.<\/p>\n","protected":false},"featured_media":13120,"template":"","meta":[],"product_brand":[293],"product_cat":[257],"product_tag":[],"class_list":{"0":"post-13122","1":"product","2":"type-product","3":"status-publish","4":"has-post-thumbnail","6":"arac_markasi_modeli-c5","7":"arac_markasi_modeli-citroen","8":"product_brand-psa","9":"product_cat-fren-sistemi-urunleri","11":"first","12":"instock","13":"taxable","14":"shipping-taxable","15":"purchasable","16":"product-type-simple"},"jetpack_sharing_enabled":true,"_links":{"self":[{"href":"https:\/\/ozince.com\/magaza\/wp-json\/wp\/v2\/product\/13122","targetHints":{"allow":["GET"]}}],"collection":[{"href":"https:\/\/ozince.com\/magaza\/wp-json\/wp\/v2\/product"}],"about":[{"href":"https:\/\/ozince.com\/magaza\/wp-json\/wp\/v2\/types\/product"}],"wp:featuredmedia":[{"embeddable":true,"href":"https:\/\/ozince.com\/magaza\/wp-json\/wp\/v2\/media\/13120"}],"wp:attachment":[{"href":"https:\/\/ozince.com\/magaza\/wp-json\/wp\/v2\/media?parent=13122"}],"wp:term":[{"taxonomy":"product_brand","embeddable":true,"href":"https:\/\/ozince.com\/magaza\/wp-json\/wp\/v2\/product_brand?post=13122"},{"taxonomy":"product_cat","embeddable":true,"href":"https:\/\/ozince.com\/magaza\/wp-json\/wp\/v2\/product_cat?post=13122"},{"taxonomy":"product_tag","embeddable":true,"href":"https:\/\/ozince.com\/magaza\/wp-json\/wp\/v2\/product_tag?post=13122"}],"curies":[{"name":"wp","href":"https:\/\/api.w.org\/{rel}","templated":true}]}}