{"id":13117,"date":"2025-11-14T15:34:04","date_gmt":"2025-11-14T12:34:04","guid":{"rendered":"https:\/\/ozince.com\/magaza\/?post_type=product&#038;p=13117"},"modified":"2025-11-14T15:34:05","modified_gmt":"2025-11-14T12:34:05","slug":"bosch-0986494946-citroen-c5-on-fren-balatasi","status":"publish","type":"product","link":"https:\/\/ozince.com\/magaza\/fren-sistemi-urunleri\/bosch-0986494946-citroen-c5-on-fren-balatasi\/","title":{"rendered":"BOSCH 0986494946 C\u0130TROEN C5 \u00d6N FREN BALATASI"},"content":{"rendered":"<p>TAKIM OLARAK SATILMAKTADIR. S\u0130PAR\u0130\u015e VERMEDEN \u00d6NCE ARA\u00c7 \u015eASE NUMARASI \u0130LE TEY\u0130T ED\u0130LMES\u0130 TAVS\u0130YE ED\u0130L\u0130R.<\/p>\n","protected":false},"excerpt":{"rendered":"<p>TAKIM OLARAK SATILMAKTADIR. S\u0130PAR\u0130\u015e VERMEDEN \u00d6NCE ARA\u00c7 \u015eASE NUMARASI \u0130LE TEY\u0130T ED\u0130LMES\u0130 TAVS\u0130YE ED\u0130L\u0130R.<\/p>\n","protected":false},"featured_media":13115,"template":"","meta":[],"product_brand":[190],"product_cat":[257],"product_tag":[],"class_list":{"0":"post-13117","1":"product","2":"type-product","3":"status-publish","4":"has-post-thumbnail","6":"arac_markasi_modeli-c5-citoren","7":"arac_markasi_modeli-citoren","8":"product_brand-bosch","9":"product_cat-fren-sistemi-urunleri","11":"first","12":"instock","13":"taxable","14":"shipping-taxable","15":"purchasable","16":"product-type-simple"},"jetpack_sharing_enabled":true,"_links":{"self":[{"href":"https:\/\/ozince.com\/magaza\/wp-json\/wp\/v2\/product\/13117","targetHints":{"allow":["GET"]}}],"collection":[{"href":"https:\/\/ozince.com\/magaza\/wp-json\/wp\/v2\/product"}],"about":[{"href":"https:\/\/ozince.com\/magaza\/wp-json\/wp\/v2\/types\/product"}],"wp:featuredmedia":[{"embeddable":true,"href":"https:\/\/ozince.com\/magaza\/wp-json\/wp\/v2\/media\/13115"}],"wp:attachment":[{"href":"https:\/\/ozince.com\/magaza\/wp-json\/wp\/v2\/media?parent=13117"}],"wp:term":[{"taxonomy":"product_brand","embeddable":true,"href":"https:\/\/ozince.com\/magaza\/wp-json\/wp\/v2\/product_brand?post=13117"},{"taxonomy":"product_cat","embeddable":true,"href":"https:\/\/ozince.com\/magaza\/wp-json\/wp\/v2\/product_cat?post=13117"},{"taxonomy":"product_tag","embeddable":true,"href":"https:\/\/ozince.com\/magaza\/wp-json\/wp\/v2\/product_tag?post=13117"}],"curies":[{"name":"wp","href":"https:\/\/api.w.org\/{rel}","templated":true}]}}