{"id":13111,"date":"2025-11-14T14:12:40","date_gmt":"2025-11-14T11:12:40","guid":{"rendered":"https:\/\/ozince.com\/magaza\/?post_type=product&#038;p=13111"},"modified":"2025-11-14T14:12:40","modified_gmt":"2025-11-14T11:12:40","slug":"mopar-6447-xg-peugeot-3008-5008-1-5-bluehdi-polen-filtresi-karbonlu","status":"publish","type":"product","link":"https:\/\/ozince.com\/magaza\/periyodik-bakim-ve-filtre-urunleri\/mopar-6447-xg-peugeot-3008-5008-1-5-bluehdi-polen-filtresi-karbonlu\/","title":{"rendered":"MOPAR 6447.XG PEUGEOT 3008 &#8211; 5008 1.5 BLUEHD\u0130 POLEN F\u0130LTRES\u0130 (KARBONLU)"},"content":{"rendered":"<p>OR\u0130J\u0130NAL \u00dcR\u00dcND\u00dcR. 3008\/5008\/R\u0130FTER\/PARTNER 1.5 D\u0130ZEL 2&#8217;L\u0130 POLEN F\u0130LTRES\u0130. S\u0130PAR\u0130\u015e VERMEDEN \u00d6NCE ARA\u00c7 \u015eASE NUMARASI \u0130LE TEY\u0130T ED\u0130LMES\u0130 TAVS\u0130YE ED\u0130L\u0130R.<\/p>\n","protected":false},"excerpt":{"rendered":"<p>OR\u0130J\u0130NAL \u00dcR\u00dcND\u00dcR. 3008\/5008\/R\u0130FTER\/PARTNER 1.5 D\u0130ZEL 2&#8217;L\u0130 POLEN F\u0130LTRES\u0130. S\u0130PAR\u0130\u015e VERMEDEN \u00d6NCE ARA\u00c7 \u015eASE NUMARASI \u0130LE TEY\u0130T ED\u0130LMES\u0130 TAVS\u0130YE ED\u0130L\u0130R.<\/p>\n","protected":false},"featured_media":13109,"template":"","meta":[],"product_brand":[305],"product_cat":[352],"product_tag":[],"class_list":{"0":"post-13111","1":"product","2":"type-product","3":"status-publish","4":"has-post-thumbnail","6":"arac_markasi_modeli-249","7":"arac_markasi_modeli-279","8":"arac_markasi_modeli-peugeot","9":"product_brand-mopar","10":"product_cat-periyodik-bakim-ve-filtre-urunleri","12":"first","13":"instock","14":"taxable","15":"shipping-taxable","16":"purchasable","17":"product-type-simple"},"jetpack_sharing_enabled":true,"_links":{"self":[{"href":"https:\/\/ozince.com\/magaza\/wp-json\/wp\/v2\/product\/13111","targetHints":{"allow":["GET"]}}],"collection":[{"href":"https:\/\/ozince.com\/magaza\/wp-json\/wp\/v2\/product"}],"about":[{"href":"https:\/\/ozince.com\/magaza\/wp-json\/wp\/v2\/types\/product"}],"wp:featuredmedia":[{"embeddable":true,"href":"https:\/\/ozince.com\/magaza\/wp-json\/wp\/v2\/media\/13109"}],"wp:attachment":[{"href":"https:\/\/ozince.com\/magaza\/wp-json\/wp\/v2\/media?parent=13111"}],"wp:term":[{"taxonomy":"product_brand","embeddable":true,"href":"https:\/\/ozince.com\/magaza\/wp-json\/wp\/v2\/product_brand?post=13111"},{"taxonomy":"product_cat","embeddable":true,"href":"https:\/\/ozince.com\/magaza\/wp-json\/wp\/v2\/product_cat?post=13111"},{"taxonomy":"product_tag","embeddable":true,"href":"https:\/\/ozince.com\/magaza\/wp-json\/wp\/v2\/product_tag?post=13111"}],"curies":[{"name":"wp","href":"https:\/\/api.w.org\/{rel}","templated":true}]}}