{"id":13087,"date":"2025-11-11T17:54:54","date_gmt":"2025-11-11T14:54:54","guid":{"rendered":"https:\/\/ozince.com\/magaza\/?post_type=product&#038;p=13087"},"modified":"2025-11-11T17:54:54","modified_gmt":"2025-11-11T14:54:54","slug":"mopar-1680682480-ds-ds3-ds7-1-5-bluehdi-yag-filtresi","status":"publish","type":"product","link":"https:\/\/ozince.com\/magaza\/periyodik-bakim-ve-filtre-urunleri\/mopar-1680682480-ds-ds3-ds7-1-5-bluehdi-yag-filtresi\/","title":{"rendered":"MOPAR 1680682480 DS DS3 &#8211; DS7 1.5 BLUEHD\u0130 YA\u011e F\u0130LTRES\u0130"},"content":{"rendered":"<p>\u00dcR\u00dcN DS 1.5 BLUEHD\u0130 (D\u0130ZEL MODELLER\u0130NE UYGUNDUR). OR\u0130J\u0130NAL \u00dcR\u00dcND\u00dcR.<\/p>\n","protected":false},"excerpt":{"rendered":"<p>\u00dcR\u00dcN DS 1.5 BLUEHD\u0130 (D\u0130ZEL MODELLER\u0130NE UYGUNDUR). OR\u0130J\u0130NAL \u00dcR\u00dcND\u00dcR.<\/p>\n","protected":false},"featured_media":13088,"template":"","meta":[],"product_brand":[305],"product_cat":[352],"product_tag":[],"class_list":{"0":"post-13087","1":"product","2":"type-product","3":"status-publish","4":"has-post-thumbnail","6":"arac_markasi_modeli-ds","7":"arac_markasi_modeli-ds3","8":"arac_markasi_modeli-ds7","9":"product_brand-mopar","10":"product_cat-periyodik-bakim-ve-filtre-urunleri","12":"first","13":"instock","14":"taxable","15":"shipping-taxable","16":"purchasable","17":"product-type-simple"},"jetpack_sharing_enabled":true,"_links":{"self":[{"href":"https:\/\/ozince.com\/magaza\/wp-json\/wp\/v2\/product\/13087","targetHints":{"allow":["GET"]}}],"collection":[{"href":"https:\/\/ozince.com\/magaza\/wp-json\/wp\/v2\/product"}],"about":[{"href":"https:\/\/ozince.com\/magaza\/wp-json\/wp\/v2\/types\/product"}],"wp:featuredmedia":[{"embeddable":true,"href":"https:\/\/ozince.com\/magaza\/wp-json\/wp\/v2\/media\/13088"}],"wp:attachment":[{"href":"https:\/\/ozince.com\/magaza\/wp-json\/wp\/v2\/media?parent=13087"}],"wp:term":[{"taxonomy":"product_brand","embeddable":true,"href":"https:\/\/ozince.com\/magaza\/wp-json\/wp\/v2\/product_brand?post=13087"},{"taxonomy":"product_cat","embeddable":true,"href":"https:\/\/ozince.com\/magaza\/wp-json\/wp\/v2\/product_cat?post=13087"},{"taxonomy":"product_tag","embeddable":true,"href":"https:\/\/ozince.com\/magaza\/wp-json\/wp\/v2\/product_tag?post=13087"}],"curies":[{"name":"wp","href":"https:\/\/api.w.org\/{rel}","templated":true}]}}