{"id":13083,"date":"2025-11-11T17:23:16","date_gmt":"2025-11-11T14:23:16","guid":{"rendered":"https:\/\/ozince.com\/magaza\/?post_type=product&#038;p=13083"},"modified":"2025-11-11T17:23:16","modified_gmt":"2025-11-11T14:23:16","slug":"psa-1689813480-opel-mokka-b-corsa-f-on-silecek-supurge-takimi","status":"publish","type":"product","link":"https:\/\/ozince.com\/magaza\/aksesuar-urunleri\/psa-1689813480-opel-mokka-b-corsa-f-on-silecek-supurge-takimi\/","title":{"rendered":"PSA 1689813480 OPEL MOKKA B &#8211; CORSA F \u00d6N S\u0130LECEK S\u00dcP\u00dcRGE TAKIMI"},"content":{"rendered":"<p>OPEL MOKKA B &#8211; CORSA F 2021 MODEL VE \u00dcZER\u0130 ARA\u00c7LARA UYGUNDUR. \u00d6N S\u0130LECEK S\u00dcP\u00dcRGE TAKIMIDIR SA\u011e VE SOL OLARAK SEVK ED\u0130LMEKTED\u0130R. OR\u0130J\u0130NAL \u00dcR\u00dcN\u00dcD\u00dcR.<\/p>\n","protected":false},"excerpt":{"rendered":"<p>OPEL MOKKA B &#8211; CORSA F 2021 MODEL VE \u00dcZER\u0130 ARA\u00c7LARA UYGUNDUR. \u00d6N S\u0130LECEK S\u00dcP\u00dcRGE TAKIMIDIR SA\u011e VE SOL OLARAK SEVK ED\u0130LMEKTED\u0130R. OR\u0130J\u0130NAL \u00dcR\u00dcN\u00dcD\u00dcR.<\/p>\n","protected":false},"featured_media":13084,"template":"","meta":[],"product_brand":[293],"product_cat":[401],"product_tag":[],"class_list":{"0":"post-13083","1":"product","2":"type-product","3":"status-publish","4":"has-post-thumbnail","6":"arac_markasi_modeli-corsa-f","7":"arac_markasi_modeli-mokka-b","8":"arac_markasi_modeli-opel","9":"product_brand-psa","10":"product_cat-aksesuar-urunleri","12":"first","13":"instock","14":"taxable","15":"shipping-taxable","16":"purchasable","17":"product-type-simple"},"jetpack_sharing_enabled":true,"_links":{"self":[{"href":"https:\/\/ozince.com\/magaza\/wp-json\/wp\/v2\/product\/13083","targetHints":{"allow":["GET"]}}],"collection":[{"href":"https:\/\/ozince.com\/magaza\/wp-json\/wp\/v2\/product"}],"about":[{"href":"https:\/\/ozince.com\/magaza\/wp-json\/wp\/v2\/types\/product"}],"wp:featuredmedia":[{"embeddable":true,"href":"https:\/\/ozince.com\/magaza\/wp-json\/wp\/v2\/media\/13084"}],"wp:attachment":[{"href":"https:\/\/ozince.com\/magaza\/wp-json\/wp\/v2\/media?parent=13083"}],"wp:term":[{"taxonomy":"product_brand","embeddable":true,"href":"https:\/\/ozince.com\/magaza\/wp-json\/wp\/v2\/product_brand?post=13083"},{"taxonomy":"product_cat","embeddable":true,"href":"https:\/\/ozince.com\/magaza\/wp-json\/wp\/v2\/product_cat?post=13083"},{"taxonomy":"product_tag","embeddable":true,"href":"https:\/\/ozince.com\/magaza\/wp-json\/wp\/v2\/product_tag?post=13083"}],"curies":[{"name":"wp","href":"https:\/\/api.w.org\/{rel}","templated":true}]}}