{"id":13055,"date":"2025-11-10T16:28:40","date_gmt":"2025-11-10T13:28:40","guid":{"rendered":"https:\/\/ozince.com\/magaza\/?post_type=product&#038;p=13055"},"modified":"2025-11-10T16:28:40","modified_gmt":"2025-11-10T13:28:40","slug":"filtron-k1328a-2x-opel-astra-l-polen-filtresi-karbonlu","status":"publish","type":"product","link":"https:\/\/ozince.com\/magaza\/periyodik-bakim-ve-filtre-urunleri\/filtron-k1328a-2x-opel-astra-l-polen-filtresi-karbonlu\/","title":{"rendered":"F\u0130LTRON K1328A-2X OPEL ASTRA L POLEN F\u0130LTRES\u0130 (KARBONLU)"},"content":{"rendered":"<p>\u00dcR\u00dcN OPEL ASTRA L 2021 MODEL VE SONRASINA UYGUNDUR.<\/p>\n","protected":false},"excerpt":{"rendered":"<p>\u00dcR\u00dcN OPEL ASTRA L 2021 MODEL VE SONRASINA UYGUNDUR.<\/p>\n","protected":false},"featured_media":13056,"template":"","meta":[],"product_brand":[196],"product_cat":[352],"product_tag":[],"class_list":{"0":"post-13055","1":"product","2":"type-product","3":"status-publish","4":"has-post-thumbnail","6":"arac_markasi_modeli-astra-l","7":"arac_markasi_modeli-opel","8":"product_brand-filtron","9":"product_cat-periyodik-bakim-ve-filtre-urunleri","11":"first","12":"instock","13":"taxable","14":"shipping-taxable","15":"purchasable","16":"product-type-simple"},"jetpack_sharing_enabled":true,"_links":{"self":[{"href":"https:\/\/ozince.com\/magaza\/wp-json\/wp\/v2\/product\/13055","targetHints":{"allow":["GET"]}}],"collection":[{"href":"https:\/\/ozince.com\/magaza\/wp-json\/wp\/v2\/product"}],"about":[{"href":"https:\/\/ozince.com\/magaza\/wp-json\/wp\/v2\/types\/product"}],"wp:featuredmedia":[{"embeddable":true,"href":"https:\/\/ozince.com\/magaza\/wp-json\/wp\/v2\/media\/13056"}],"wp:attachment":[{"href":"https:\/\/ozince.com\/magaza\/wp-json\/wp\/v2\/media?parent=13055"}],"wp:term":[{"taxonomy":"product_brand","embeddable":true,"href":"https:\/\/ozince.com\/magaza\/wp-json\/wp\/v2\/product_brand?post=13055"},{"taxonomy":"product_cat","embeddable":true,"href":"https:\/\/ozince.com\/magaza\/wp-json\/wp\/v2\/product_cat?post=13055"},{"taxonomy":"product_tag","embeddable":true,"href":"https:\/\/ozince.com\/magaza\/wp-json\/wp\/v2\/product_tag?post=13055"}],"curies":[{"name":"wp","href":"https:\/\/api.w.org\/{rel}","templated":true}]}}