{"id":13053,"date":"2025-11-10T16:13:49","date_gmt":"2025-11-10T13:13:49","guid":{"rendered":"https:\/\/ozince.com\/magaza\/?post_type=product&#038;p=13053"},"modified":"2025-11-10T16:16:51","modified_gmt":"2025-11-10T13:16:51","slug":"luk-621304309-opel-astra-h-1-6-benzinli-debriyaj-seti-easytronic","status":"publish","type":"product","link":"https:\/\/ozince.com\/magaza\/debriyaj-ve-sanziman-urunleri\/luk-621304309-opel-astra-h-1-6-benzinli-debriyaj-seti-easytronic\/","title":{"rendered":"LUK 621304309 OPEL ASTRA H 1.6 BENZ\u0130NL\u0130 DEBR\u0130YAJ SET\u0130 (EASYTRONIC)"},"content":{"rendered":"<p>\u00dcR\u00dcN OPEL ASTRA H \/ VECTRA C A1.6XER \/ Z1.6XER MODELLER\u0130NE UYGUNDUR.<\/p>\n","protected":false},"excerpt":{"rendered":"<p>\u00dcR\u00dcN OPEL ASTRA H \/ VECTRA C A1.6XER \/ Z1.6XER MODELLER\u0130NE UYGUNDUR.<\/p>\n","protected":false},"featured_media":13054,"template":"","meta":[],"product_brand":[234],"product_cat":[347],"product_tag":[],"class_list":{"0":"post-13053","1":"product","2":"type-product","3":"status-publish","4":"has-post-thumbnail","6":"arac_markasi_modeli-astra-h","7":"arac_markasi_modeli-opel","8":"product_brand-luk","9":"product_cat-debriyaj-ve-sanziman-urunleri","11":"first","12":"instock","13":"taxable","14":"shipping-taxable","15":"purchasable","16":"product-type-simple"},"jetpack_sharing_enabled":true,"_links":{"self":[{"href":"https:\/\/ozince.com\/magaza\/wp-json\/wp\/v2\/product\/13053","targetHints":{"allow":["GET"]}}],"collection":[{"href":"https:\/\/ozince.com\/magaza\/wp-json\/wp\/v2\/product"}],"about":[{"href":"https:\/\/ozince.com\/magaza\/wp-json\/wp\/v2\/types\/product"}],"wp:featuredmedia":[{"embeddable":true,"href":"https:\/\/ozince.com\/magaza\/wp-json\/wp\/v2\/media\/13054"}],"wp:attachment":[{"href":"https:\/\/ozince.com\/magaza\/wp-json\/wp\/v2\/media?parent=13053"}],"wp:term":[{"taxonomy":"product_brand","embeddable":true,"href":"https:\/\/ozince.com\/magaza\/wp-json\/wp\/v2\/product_brand?post=13053"},{"taxonomy":"product_cat","embeddable":true,"href":"https:\/\/ozince.com\/magaza\/wp-json\/wp\/v2\/product_cat?post=13053"},{"taxonomy":"product_tag","embeddable":true,"href":"https:\/\/ozince.com\/magaza\/wp-json\/wp\/v2\/product_tag?post=13053"}],"curies":[{"name":"wp","href":"https:\/\/api.w.org\/{rel}","templated":true}]}}