{"id":12562,"date":"2025-10-29T14:47:50","date_gmt":"2025-10-29T11:47:50","guid":{"rendered":"https:\/\/ozince.com\/magaza\/?post_type=product&#038;p=12562"},"modified":"2025-11-10T12:22:13","modified_gmt":"2025-11-10T09:22:13","slug":"ufi-26-e2x-02-opel-insignia-b-1-6-2-0-dizel-mazot-filtresi","status":"publish","type":"product","link":"https:\/\/ozince.com\/magaza\/periyodik-bakim-ve-filtre-urunleri\/ufi-26-e2x-02-opel-insignia-b-1-6-2-0-dizel-mazot-filtresi\/","title":{"rendered":"UFI 26.E2X.02 OPEL \u0130NS\u0130GN\u0130A B 1.6-2.0 D\u0130ZEL MAZOT F\u0130LTRES\u0130"},"content":{"rendered":"<table style=\"height: 199px\" width=\"352\">\n<tbody>\n<tr>\n<td class=\"slds-p-around_small row-label\">B<\/td>\n<td class=\"slds-p-around_small slds-text-align_right\">21.8<\/td>\n<\/tr>\n<tr>\n<td class=\"slds-p-around_small row-label\">C<\/td>\n<td class=\"slds-p-around_small slds-text-align_right\">14.6<\/td>\n<\/tr>\n<tr>\n<td class=\"slds-p-around_small row-label\">D<\/td>\n<td class=\"slds-p-around_small slds-text-align_right\">92.4<\/td>\n<\/tr>\n<tr>\n<td class=\"slds-p-around_small row-label\">H<\/td>\n<td class=\"slds-p-around_small slds-text-align_right\">115.1<\/td>\n<\/tr>\n<\/tbody>\n<\/table>\n","protected":false},"excerpt":{"rendered":"<p>B 21.8 C 14.6 D 92.4 H 115.1<\/p>\n","protected":false},"featured_media":12563,"template":"","meta":[],"product_brand":[442],"product_cat":[352],"product_tag":[],"class_list":{"0":"post-12562","1":"product","2":"type-product","3":"status-publish","4":"has-post-thumbnail","6":"arac_markasi_modeli-insignia-b","7":"arac_markasi_modeli-opel","8":"product_brand-ufi","9":"product_cat-periyodik-bakim-ve-filtre-urunleri","11":"first","12":"instock","13":"taxable","14":"shipping-taxable","15":"purchasable","16":"product-type-simple"},"jetpack_sharing_enabled":true,"_links":{"self":[{"href":"https:\/\/ozince.com\/magaza\/wp-json\/wp\/v2\/product\/12562","targetHints":{"allow":["GET"]}}],"collection":[{"href":"https:\/\/ozince.com\/magaza\/wp-json\/wp\/v2\/product"}],"about":[{"href":"https:\/\/ozince.com\/magaza\/wp-json\/wp\/v2\/types\/product"}],"wp:featuredmedia":[{"embeddable":true,"href":"https:\/\/ozince.com\/magaza\/wp-json\/wp\/v2\/media\/12563"}],"wp:attachment":[{"href":"https:\/\/ozince.com\/magaza\/wp-json\/wp\/v2\/media?parent=12562"}],"wp:term":[{"taxonomy":"product_brand","embeddable":true,"href":"https:\/\/ozince.com\/magaza\/wp-json\/wp\/v2\/product_brand?post=12562"},{"taxonomy":"product_cat","embeddable":true,"href":"https:\/\/ozince.com\/magaza\/wp-json\/wp\/v2\/product_cat?post=12562"},{"taxonomy":"product_tag","embeddable":true,"href":"https:\/\/ozince.com\/magaza\/wp-json\/wp\/v2\/product_tag?post=12562"}],"curies":[{"name":"wp","href":"https:\/\/api.w.org\/{rel}","templated":true}]}}