{"id":11875,"date":"2026-04-06T08:26:35","date_gmt":"2026-04-06T05:26:35","guid":{"rendered":"https:\/\/ozince.com\/magaza\/kategorilenmemis\/tyv-vm963ebcr-ayna-dis-dikiz-insignia-08-elektrikli-isitmali-hafizali-otomatik-katlanir-astarli-9-fis-sag\/"},"modified":"2026-04-06T08:26:36","modified_gmt":"2026-04-06T05:26:36","slug":"tyv-vm963ebcr-ayna-dis-dikiz-insignia-08-elektrikli-isitmali-hafizali-otomatik-katlanir-astarli-9-fis-sag","status":"publish","type":"product","link":"https:\/\/ozince.com\/magaza\/aksesuar-urunleri\/tyv-vm963ebcr-ayna-dis-dikiz-insignia-08-elektrikli-isitmali-hafizali-otomatik-katlanir-astarli-9-fis-sag\/","title":{"rendered":"TYV-VM963EBCR AYNA DI\u015e D\u0130K\u0130Z INSIGNIA 08= ELEKTR\u0130KL\u0130 ISITMALI HAFIZALI OTOMAT\u0130K KATLANIR ASTARLI 9 F\u0130\u015e SA\u011e"},"content":{"rendered":"","protected":false},"excerpt":{"rendered":"","protected":false},"featured_media":15710,"template":"","meta":[],"product_brand":[431],"product_cat":[401],"product_tag":[378],"class_list":{"0":"post-11875","1":"product","2":"type-product","3":"status-publish","4":"has-post-thumbnail","6":"arac_markasi_modeli-insignia","7":"arac_markasi_modeli-opel","8":"product_brand-viewmax","9":"product_cat-aksesuar-urunleri","10":"product_tag-altay","12":"first","13":"outofstock","14":"taxable","15":"shipping-taxable","16":"purchasable","17":"product-type-simple"},"jetpack_sharing_enabled":true,"_links":{"self":[{"href":"https:\/\/ozince.com\/magaza\/wp-json\/wp\/v2\/product\/11875","targetHints":{"allow":["GET"]}}],"collection":[{"href":"https:\/\/ozince.com\/magaza\/wp-json\/wp\/v2\/product"}],"about":[{"href":"https:\/\/ozince.com\/magaza\/wp-json\/wp\/v2\/types\/product"}],"wp:featuredmedia":[{"embeddable":true,"href":"https:\/\/ozince.com\/magaza\/wp-json\/wp\/v2\/media\/15710"}],"wp:attachment":[{"href":"https:\/\/ozince.com\/magaza\/wp-json\/wp\/v2\/media?parent=11875"}],"wp:term":[{"taxonomy":"product_brand","embeddable":true,"href":"https:\/\/ozince.com\/magaza\/wp-json\/wp\/v2\/product_brand?post=11875"},{"taxonomy":"product_cat","embeddable":true,"href":"https:\/\/ozince.com\/magaza\/wp-json\/wp\/v2\/product_cat?post=11875"},{"taxonomy":"product_tag","embeddable":true,"href":"https:\/\/ozince.com\/magaza\/wp-json\/wp\/v2\/product_tag?post=11875"}],"curies":[{"name":"wp","href":"https:\/\/api.w.org\/{rel}","templated":true}]}}