{"id":11865,"date":"2026-03-09T08:18:39","date_gmt":"2026-03-09T05:18:39","guid":{"rendered":"https:\/\/ozince.com\/magaza\/kategorilenmemis\/bsh-f026407108-yag-filtresi-egea-doblo-freemont-500-ducato-evo-combo-10-1-6-2-0jtd-euro-5\/"},"modified":"2026-03-09T08:18:40","modified_gmt":"2026-03-09T05:18:40","slug":"flt-oe682-3-yag-filtresi-egea-doblo-freemont-500-ducato-evo-combo-10-1-6-2-0jtd-euro-5","status":"publish","type":"product","link":"https:\/\/ozince.com\/magaza\/periyodik-bakim-ve-filtre-urunleri\/flt-oe682-3-yag-filtresi-egea-doblo-freemont-500-ducato-evo-combo-10-1-6-2-0jtd-euro-5\/","title":{"rendered":"FLT-OE682\/3 YA\u011e F\u0130LTRES\u0130 EGEA \/ DOBLO \/ FREEMONT \/ 500 \/ DUCATO \/ EVO \/ COMBO 10= 1.6-2.0JTD EURO 5"},"content":{"rendered":"","protected":false},"excerpt":{"rendered":"","protected":false},"featured_media":13194,"template":"","meta":[],"product_brand":[196],"product_cat":[352],"product_tag":[378],"class_list":{"0":"post-11865","1":"product","2":"type-product","3":"status-publish","4":"has-post-thumbnail","6":"arac_markasi_modeli-combo","7":"arac_markasi_modeli-opel","8":"product_brand-filtron","9":"product_cat-periyodik-bakim-ve-filtre-urunleri","10":"product_tag-altay","12":"first","13":"instock","14":"taxable","15":"shipping-taxable","16":"purchasable","17":"product-type-simple"},"jetpack_sharing_enabled":true,"_links":{"self":[{"href":"https:\/\/ozince.com\/magaza\/wp-json\/wp\/v2\/product\/11865","targetHints":{"allow":["GET"]}}],"collection":[{"href":"https:\/\/ozince.com\/magaza\/wp-json\/wp\/v2\/product"}],"about":[{"href":"https:\/\/ozince.com\/magaza\/wp-json\/wp\/v2\/types\/product"}],"wp:featuredmedia":[{"embeddable":true,"href":"https:\/\/ozince.com\/magaza\/wp-json\/wp\/v2\/media\/13194"}],"wp:attachment":[{"href":"https:\/\/ozince.com\/magaza\/wp-json\/wp\/v2\/media?parent=11865"}],"wp:term":[{"taxonomy":"product_brand","embeddable":true,"href":"https:\/\/ozince.com\/magaza\/wp-json\/wp\/v2\/product_brand?post=11865"},{"taxonomy":"product_cat","embeddable":true,"href":"https:\/\/ozince.com\/magaza\/wp-json\/wp\/v2\/product_cat?post=11865"},{"taxonomy":"product_tag","embeddable":true,"href":"https:\/\/ozince.com\/magaza\/wp-json\/wp\/v2\/product_tag?post=11865"}],"curies":[{"name":"wp","href":"https:\/\/api.w.org\/{rel}","templated":true}]}}