{"id":11854,"date":"2026-03-05T08:21:57","date_gmt":"2026-03-05T05:21:57","guid":{"rendered":"https:\/\/ozince.com\/magaza\/kategorilenmemis\/del-ss11030-sensor-eksantrik-devir-opel-astra-h-z17dth-doblo-punto-mondeo-accord-vii-civic-vii-auris\/"},"modified":"2026-03-05T08:21:58","modified_gmt":"2026-03-05T05:21:58","slug":"del-ss11030-sensor-eksantrik-devir-opel-astra-h-z17dth-doblo-punto-mondeo-accord-vii-civic-vii-auris","status":"publish","type":"product","link":"https:\/\/ozince.com\/magaza\/sensor-ve-elektrik-urunleri\/del-ss11030-sensor-eksantrik-devir-opel-astra-h-z17dth-doblo-punto-mondeo-accord-vii-civic-vii-auris\/","title":{"rendered":"DEL-SS11030 SENS\u00d6R EKSANTR\u0130K DEV\u0130R OPEL ASTRA.H Z17DTH \/ DOBLO \/ PUNTO \/ MONDEO \/ ACCORD VII \/ CIVIC VII \/ AURIS"},"content":{"rendered":"","protected":false},"excerpt":{"rendered":"","protected":false},"featured_media":15000,"template":"","meta":[],"product_brand":[236],"product_cat":[374],"product_tag":[378],"class_list":{"0":"post-11854","1":"product","2":"type-product","3":"status-publish","4":"has-post-thumbnail","6":"arac_markasi_modeli-astra","7":"arac_markasi_modeli-opel","8":"product_brand-delphi","9":"product_cat-sensor-ve-elektrik-urunleri","10":"product_tag-altay","12":"first","13":"outofstock","14":"taxable","15":"shipping-taxable","16":"purchasable","17":"product-type-simple"},"jetpack_sharing_enabled":true,"_links":{"self":[{"href":"https:\/\/ozince.com\/magaza\/wp-json\/wp\/v2\/product\/11854","targetHints":{"allow":["GET"]}}],"collection":[{"href":"https:\/\/ozince.com\/magaza\/wp-json\/wp\/v2\/product"}],"about":[{"href":"https:\/\/ozince.com\/magaza\/wp-json\/wp\/v2\/types\/product"}],"wp:featuredmedia":[{"embeddable":true,"href":"https:\/\/ozince.com\/magaza\/wp-json\/wp\/v2\/media\/15000"}],"wp:attachment":[{"href":"https:\/\/ozince.com\/magaza\/wp-json\/wp\/v2\/media?parent=11854"}],"wp:term":[{"taxonomy":"product_brand","embeddable":true,"href":"https:\/\/ozince.com\/magaza\/wp-json\/wp\/v2\/product_brand?post=11854"},{"taxonomy":"product_cat","embeddable":true,"href":"https:\/\/ozince.com\/magaza\/wp-json\/wp\/v2\/product_cat?post=11854"},{"taxonomy":"product_tag","embeddable":true,"href":"https:\/\/ozince.com\/magaza\/wp-json\/wp\/v2\/product_tag?post=11854"}],"curies":[{"name":"wp","href":"https:\/\/api.w.org\/{rel}","templated":true}]}}