{"id":11849,"date":"2026-05-06T08:23:53","date_gmt":"2026-05-06T05:23:53","guid":{"rendered":"https:\/\/ozince.com\/magaza\/kategorilenmemis\/tyv-13277521-camurluk-insignia-09-17-on-sag\/"},"modified":"2026-05-06T08:23:54","modified_gmt":"2026-05-06T05:23:54","slug":"tyv-13277521-camurluk-insignia-09-17-on-sag","status":"publish","type":"product","link":"https:\/\/ozince.com\/magaza\/karoseri-ve-kaporta-urunleri\/tyv-13277521-camurluk-insignia-09-17-on-sag\/","title":{"rendered":"TYV-13277521 \u00c7AMURLUK INSIGNIA 09-17 \u00d6N SA\u011e"},"content":{"rendered":"","protected":false},"excerpt":{"rendered":"","protected":false},"featured_media":15651,"template":"","meta":[],"product_brand":[427],"product_cat":[351],"product_tag":[378],"class_list":{"0":"post-11849","1":"product","2":"type-product","3":"status-publish","4":"has-post-thumbnail","6":"arac_markasi_modeli-insignia","7":"arac_markasi_modeli-opel","8":"product_brand-taiwan","9":"product_cat-karoseri-ve-kaporta-urunleri","10":"product_tag-altay","12":"first","13":"instock","14":"taxable","15":"shipping-taxable","16":"purchasable","17":"product-type-simple"},"jetpack_sharing_enabled":true,"_links":{"self":[{"href":"https:\/\/ozince.com\/magaza\/wp-json\/wp\/v2\/product\/11849","targetHints":{"allow":["GET"]}}],"collection":[{"href":"https:\/\/ozince.com\/magaza\/wp-json\/wp\/v2\/product"}],"about":[{"href":"https:\/\/ozince.com\/magaza\/wp-json\/wp\/v2\/types\/product"}],"wp:featuredmedia":[{"embeddable":true,"href":"https:\/\/ozince.com\/magaza\/wp-json\/wp\/v2\/media\/15651"}],"wp:attachment":[{"href":"https:\/\/ozince.com\/magaza\/wp-json\/wp\/v2\/media?parent=11849"}],"wp:term":[{"taxonomy":"product_brand","embeddable":true,"href":"https:\/\/ozince.com\/magaza\/wp-json\/wp\/v2\/product_brand?post=11849"},{"taxonomy":"product_cat","embeddable":true,"href":"https:\/\/ozince.com\/magaza\/wp-json\/wp\/v2\/product_cat?post=11849"},{"taxonomy":"product_tag","embeddable":true,"href":"https:\/\/ozince.com\/magaza\/wp-json\/wp\/v2\/product_tag?post=11849"}],"curies":[{"name":"wp","href":"https:\/\/api.w.org\/{rel}","templated":true}]}}