{"id":11839,"date":"2026-03-05T08:21:53","date_gmt":"2026-03-05T05:21:53","guid":{"rendered":"https:\/\/ozince.com\/magaza\/kategorilenmemis\/hel-5da358057-871-atesleme-bobini-combo-e-linea-doblo-fiat-500l-giulietta-1-4-07\/"},"modified":"2026-03-05T08:21:53","modified_gmt":"2026-03-05T05:21:53","slug":"hel-5da358057-871-atesleme-bobini-combo-e-linea-doblo-fiat-500l-giulietta-1-4-07","status":"publish","type":"product","link":"https:\/\/ozince.com\/magaza\/sensor-ve-elektrik-urunleri\/hel-5da358057-871-atesleme-bobini-combo-e-linea-doblo-fiat-500l-giulietta-1-4-07\/","title":{"rendered":"HEL-5DA358057-871 ATE\u015eLEME BOB\u0130N\u0130 COMBO E \/ LINEA \/ DOBLO \/ FIAT 500L \/ GIULIETTA 1.4 07="},"content":{"rendered":"","protected":false},"excerpt":{"rendered":"","protected":false},"featured_media":0,"template":"","meta":[],"product_brand":[199],"product_cat":[374],"product_tag":[378],"class_list":{"0":"post-11839","1":"product","2":"type-product","3":"status-publish","5":"arac_markasi_modeli-combo","6":"arac_markasi_modeli-opel","7":"product_brand-hella","8":"product_cat-sensor-ve-elektrik-urunleri","9":"product_tag-altay","11":"first","12":"outofstock","13":"taxable","14":"shipping-taxable","15":"purchasable","16":"product-type-simple"},"jetpack_sharing_enabled":true,"_links":{"self":[{"href":"https:\/\/ozince.com\/magaza\/wp-json\/wp\/v2\/product\/11839","targetHints":{"allow":["GET"]}}],"collection":[{"href":"https:\/\/ozince.com\/magaza\/wp-json\/wp\/v2\/product"}],"about":[{"href":"https:\/\/ozince.com\/magaza\/wp-json\/wp\/v2\/types\/product"}],"wp:attachment":[{"href":"https:\/\/ozince.com\/magaza\/wp-json\/wp\/v2\/media?parent=11839"}],"wp:term":[{"taxonomy":"product_brand","embeddable":true,"href":"https:\/\/ozince.com\/magaza\/wp-json\/wp\/v2\/product_brand?post=11839"},{"taxonomy":"product_cat","embeddable":true,"href":"https:\/\/ozince.com\/magaza\/wp-json\/wp\/v2\/product_cat?post=11839"},{"taxonomy":"product_tag","embeddable":true,"href":"https:\/\/ozince.com\/magaza\/wp-json\/wp\/v2\/product_tag?post=11839"}],"curies":[{"name":"wp","href":"https:\/\/api.w.org\/{rel}","templated":true}]}}