{"id":11835,"date":"2026-04-12T08:21:31","date_gmt":"2026-04-12T05:21:31","guid":{"rendered":"https:\/\/ozince.com\/magaza\/kategorilenmemis\/kle-250abc030-radyator-klima-opel-insignia-chevrolet-malibu-saab-9-5-1-6i-2-0cdti-08-kurutucu-ile-brazing-a\/"},"modified":"2026-04-12T08:21:31","modified_gmt":"2026-04-12T05:21:31","slug":"kle-250abc030-radyator-klima-opel-insignia-chevrolet-malibu-saab-9-5-1-6i-2-0cdti-08-kurutucu-ile-brazing-a","status":"publish","type":"product","link":"https:\/\/ozince.com\/magaza\/motor-sogutma-ve-radyator-urunleri\/kle-250abc030-radyator-klima-opel-insignia-chevrolet-malibu-saab-9-5-1-6i-2-0cdti-08-kurutucu-ile-brazing-a\/","title":{"rendered":"KLE-250ABC030 RADYAT\u00d6R KL\u0130MA OPEL INSIGNIA &#8211; CHEVROLET MALIBU &#8211; SAAB 9-5 1.6I 2.0CDTI 08= KURUTUCU \u0130LE [BRAZING A"},"content":{"rendered":"","protected":false},"excerpt":{"rendered":"","protected":false},"featured_media":15318,"template":"","meta":[],"product_brand":[328],"product_cat":[324],"product_tag":[378],"class_list":{"0":"post-11835","1":"product","2":"type-product","3":"status-publish","4":"has-post-thumbnail","6":"arac_markasi_modeli-insignia","7":"arac_markasi_modeli-opel","8":"product_brand-kale","9":"product_cat-motor-sogutma-ve-radyator-urunleri","10":"product_tag-altay","12":"first","13":"instock","14":"taxable","15":"shipping-taxable","16":"purchasable","17":"product-type-simple"},"jetpack_sharing_enabled":true,"_links":{"self":[{"href":"https:\/\/ozince.com\/magaza\/wp-json\/wp\/v2\/product\/11835","targetHints":{"allow":["GET"]}}],"collection":[{"href":"https:\/\/ozince.com\/magaza\/wp-json\/wp\/v2\/product"}],"about":[{"href":"https:\/\/ozince.com\/magaza\/wp-json\/wp\/v2\/types\/product"}],"wp:featuredmedia":[{"embeddable":true,"href":"https:\/\/ozince.com\/magaza\/wp-json\/wp\/v2\/media\/15318"}],"wp:attachment":[{"href":"https:\/\/ozince.com\/magaza\/wp-json\/wp\/v2\/media?parent=11835"}],"wp:term":[{"taxonomy":"product_brand","embeddable":true,"href":"https:\/\/ozince.com\/magaza\/wp-json\/wp\/v2\/product_brand?post=11835"},{"taxonomy":"product_cat","embeddable":true,"href":"https:\/\/ozince.com\/magaza\/wp-json\/wp\/v2\/product_cat?post=11835"},{"taxonomy":"product_tag","embeddable":true,"href":"https:\/\/ozince.com\/magaza\/wp-json\/wp\/v2\/product_tag?post=11835"}],"curies":[{"name":"wp","href":"https:\/\/api.w.org\/{rel}","templated":true}]}}