{"id":11828,"date":"2026-03-05T08:21:51","date_gmt":"2026-03-05T05:21:51","guid":{"rendered":"https:\/\/ozince.com\/magaza\/kategorilenmemis\/gates-t38440-vantilator-gergisi-fiat-doblo-fiorino-opel-corsa-combo-1-3-multijet-komple\/"},"modified":"2026-03-05T08:21:51","modified_gmt":"2026-03-05T05:21:51","slug":"gates-t38440-vantilator-gergisi-fiat-doblo-fiorino-opel-corsa-combo-1-3-multijet-komple","status":"publish","type":"product","link":"https:\/\/ozince.com\/magaza\/motor-mekanik-urunleri\/gates-t38440-vantilator-gergisi-fiat-doblo-fiorino-opel-corsa-combo-1-3-multijet-komple\/","title":{"rendered":"GATES-T38440 VANT\u0130LAT\u00d6R GERG\u0130S\u0130 FIAT DOBLO \/ FIOR\u0130NO \/ OPEL CORSA \/ COMBO 1.3 MULT\u0130JET  KOMPLE"},"content":{"rendered":"","protected":false},"excerpt":{"rendered":"","protected":false},"featured_media":13614,"template":"","meta":[],"product_brand":[299],"product_cat":[298],"product_tag":[378],"class_list":{"0":"post-11828","1":"product","2":"type-product","3":"status-publish","4":"has-post-thumbnail","6":"arac_markasi_modeli-corsa","7":"arac_markasi_modeli-opel","8":"product_brand-gates","9":"product_cat-motor-mekanik-urunleri","10":"product_tag-altay","12":"first","13":"instock","14":"taxable","15":"shipping-taxable","16":"purchasable","17":"product-type-simple"},"jetpack_sharing_enabled":true,"_links":{"self":[{"href":"https:\/\/ozince.com\/magaza\/wp-json\/wp\/v2\/product\/11828","targetHints":{"allow":["GET"]}}],"collection":[{"href":"https:\/\/ozince.com\/magaza\/wp-json\/wp\/v2\/product"}],"about":[{"href":"https:\/\/ozince.com\/magaza\/wp-json\/wp\/v2\/types\/product"}],"wp:featuredmedia":[{"embeddable":true,"href":"https:\/\/ozince.com\/magaza\/wp-json\/wp\/v2\/media\/13614"}],"wp:attachment":[{"href":"https:\/\/ozince.com\/magaza\/wp-json\/wp\/v2\/media?parent=11828"}],"wp:term":[{"taxonomy":"product_brand","embeddable":true,"href":"https:\/\/ozince.com\/magaza\/wp-json\/wp\/v2\/product_brand?post=11828"},{"taxonomy":"product_cat","embeddable":true,"href":"https:\/\/ozince.com\/magaza\/wp-json\/wp\/v2\/product_cat?post=11828"},{"taxonomy":"product_tag","embeddable":true,"href":"https:\/\/ozince.com\/magaza\/wp-json\/wp\/v2\/product_tag?post=11828"}],"curies":[{"name":"wp","href":"https:\/\/api.w.org\/{rel}","templated":true}]}}