{"id":11819,"date":"2026-04-08T08:18:24","date_gmt":"2026-04-08T05:18:24","guid":{"rendered":"https:\/\/ozince.com\/magaza\/kategorilenmemis\/uce-91103-aks-korugu-takim-ic-corsa-d-06-14-1-4\/"},"modified":"2026-04-08T08:18:24","modified_gmt":"2026-04-08T05:18:24","slug":"uce-91103-aks-korugu-takim-ic-corsa-d-06-14-1-4","status":"publish","type":"product","link":"https:\/\/ozince.com\/magaza\/aks-urunleri\/uce-91103-aks-korugu-takim-ic-corsa-d-06-14-1-4\/","title":{"rendered":"UCE-91103 AKS K\u00d6R\u00dc\u011e\u00dc TAKIM \u0130\u00c7 CORSA.D 06-14 1.4"},"content":{"rendered":"","protected":false},"excerpt":{"rendered":"","protected":false},"featured_media":15754,"template":"","meta":[],"product_brand":[414],"product_cat":[379],"product_tag":[378],"class_list":{"0":"post-11819","1":"product","2":"type-product","3":"status-publish","4":"has-post-thumbnail","6":"arac_markasi_modeli-corsa","7":"arac_markasi_modeli-opel","8":"product_brand-ucel","9":"product_cat-aks-urunleri","10":"product_tag-altay","12":"first","13":"instock","14":"taxable","15":"shipping-taxable","16":"purchasable","17":"product-type-simple"},"jetpack_sharing_enabled":true,"_links":{"self":[{"href":"https:\/\/ozince.com\/magaza\/wp-json\/wp\/v2\/product\/11819","targetHints":{"allow":["GET"]}}],"collection":[{"href":"https:\/\/ozince.com\/magaza\/wp-json\/wp\/v2\/product"}],"about":[{"href":"https:\/\/ozince.com\/magaza\/wp-json\/wp\/v2\/types\/product"}],"wp:featuredmedia":[{"embeddable":true,"href":"https:\/\/ozince.com\/magaza\/wp-json\/wp\/v2\/media\/15754"}],"wp:attachment":[{"href":"https:\/\/ozince.com\/magaza\/wp-json\/wp\/v2\/media?parent=11819"}],"wp:term":[{"taxonomy":"product_brand","embeddable":true,"href":"https:\/\/ozince.com\/magaza\/wp-json\/wp\/v2\/product_brand?post=11819"},{"taxonomy":"product_cat","embeddable":true,"href":"https:\/\/ozince.com\/magaza\/wp-json\/wp\/v2\/product_cat?post=11819"},{"taxonomy":"product_tag","embeddable":true,"href":"https:\/\/ozince.com\/magaza\/wp-json\/wp\/v2\/product_tag?post=11819"}],"curies":[{"name":"wp","href":"https:\/\/api.w.org\/{rel}","templated":true}]}}