{"id":11802,"date":"2026-02-21T08:20:26","date_gmt":"2026-02-21T05:20:26","guid":{"rendered":"https:\/\/ozince.com\/magaza\/kategorilenmemis\/ytt-2369-viraj-lastigi-insignia-08-1-4-1-6-1-8-2-0-cdti-arka-18mm\/"},"modified":"2026-02-21T08:20:28","modified_gmt":"2026-02-21T05:20:28","slug":"ytt-2369-viraj-lastigi-insignia-08-1-4-1-6-1-8-2-0-cdti-arka-18mm","status":"publish","type":"product","link":"https:\/\/ozince.com\/magaza\/alt-takim-urunleri\/ytt-2369-viraj-lastigi-insignia-08-1-4-1-6-1-8-2-0-cdti-arka-18mm\/","title":{"rendered":"YTT-2369 V\u0130RAJ LAST\u0130\u011e\u0130 INSIGNIA 08= 1.4 \/ 1.6 \/1.8 \/ 2.0 CDTI ARKA 18mm"},"content":{"rendered":"","protected":false},"excerpt":{"rendered":"","protected":false},"featured_media":13375,"template":"","meta":[],"product_brand":[413],"product_cat":[382],"product_tag":[378],"class_list":{"0":"post-11802","1":"product","2":"type-product","3":"status-publish","4":"has-post-thumbnail","6":"arac_markasi_modeli-insignia","7":"arac_markasi_modeli-opel","8":"product_brand-ytt","9":"product_cat-alt-takim-urunleri","10":"product_tag-altay","12":"first","13":"outofstock","14":"taxable","15":"shipping-taxable","16":"purchasable","17":"product-type-simple"},"jetpack_sharing_enabled":true,"_links":{"self":[{"href":"https:\/\/ozince.com\/magaza\/wp-json\/wp\/v2\/product\/11802","targetHints":{"allow":["GET"]}}],"collection":[{"href":"https:\/\/ozince.com\/magaza\/wp-json\/wp\/v2\/product"}],"about":[{"href":"https:\/\/ozince.com\/magaza\/wp-json\/wp\/v2\/types\/product"}],"wp:featuredmedia":[{"embeddable":true,"href":"https:\/\/ozince.com\/magaza\/wp-json\/wp\/v2\/media\/13375"}],"wp:attachment":[{"href":"https:\/\/ozince.com\/magaza\/wp-json\/wp\/v2\/media?parent=11802"}],"wp:term":[{"taxonomy":"product_brand","embeddable":true,"href":"https:\/\/ozince.com\/magaza\/wp-json\/wp\/v2\/product_brand?post=11802"},{"taxonomy":"product_cat","embeddable":true,"href":"https:\/\/ozince.com\/magaza\/wp-json\/wp\/v2\/product_cat?post=11802"},{"taxonomy":"product_tag","embeddable":true,"href":"https:\/\/ozince.com\/magaza\/wp-json\/wp\/v2\/product_tag?post=11802"}],"curies":[{"name":"wp","href":"https:\/\/api.w.org\/{rel}","templated":true}]}}