{"id":11798,"date":"2026-04-06T08:26:14","date_gmt":"2026-04-06T05:26:14","guid":{"rendered":"https:\/\/ozince.com\/magaza\/kategorilenmemis\/tyv-vm980ehpr-ayna-dis-dikiz-insignia-17-elektrikli-isitmali-boyanir-tip-sag\/"},"modified":"2026-04-06T08:26:15","modified_gmt":"2026-04-06T05:26:15","slug":"tyv-vm980ehpr-ayna-dis-dikiz-insignia-17-elektrikli-isitmali-boyanir-tip-sag","status":"publish","type":"product","link":"https:\/\/ozince.com\/magaza\/aksesuar-urunleri\/tyv-vm980ehpr-ayna-dis-dikiz-insignia-17-elektrikli-isitmali-boyanir-tip-sag\/","title":{"rendered":"TYV-VM980EHPR AYNA DI\u015e D\u0130K\u0130Z INSIGNIA 17= ELEKTRIKLI ISITMALI BOYANIR TIP SA\u011e"},"content":{"rendered":"","protected":false},"excerpt":{"rendered":"","protected":false},"featured_media":15724,"template":"","meta":[],"product_brand":[431],"product_cat":[401],"product_tag":[378],"class_list":{"0":"post-11798","1":"product","2":"type-product","3":"status-publish","4":"has-post-thumbnail","6":"arac_markasi_modeli-insignia","7":"arac_markasi_modeli-opel","8":"product_brand-viewmax","9":"product_cat-aksesuar-urunleri","10":"product_tag-altay","12":"first","13":"instock","14":"taxable","15":"shipping-taxable","16":"purchasable","17":"product-type-simple"},"jetpack_sharing_enabled":true,"_links":{"self":[{"href":"https:\/\/ozince.com\/magaza\/wp-json\/wp\/v2\/product\/11798","targetHints":{"allow":["GET"]}}],"collection":[{"href":"https:\/\/ozince.com\/magaza\/wp-json\/wp\/v2\/product"}],"about":[{"href":"https:\/\/ozince.com\/magaza\/wp-json\/wp\/v2\/types\/product"}],"wp:featuredmedia":[{"embeddable":true,"href":"https:\/\/ozince.com\/magaza\/wp-json\/wp\/v2\/media\/15724"}],"wp:attachment":[{"href":"https:\/\/ozince.com\/magaza\/wp-json\/wp\/v2\/media?parent=11798"}],"wp:term":[{"taxonomy":"product_brand","embeddable":true,"href":"https:\/\/ozince.com\/magaza\/wp-json\/wp\/v2\/product_brand?post=11798"},{"taxonomy":"product_cat","embeddable":true,"href":"https:\/\/ozince.com\/magaza\/wp-json\/wp\/v2\/product_cat?post=11798"},{"taxonomy":"product_tag","embeddable":true,"href":"https:\/\/ozince.com\/magaza\/wp-json\/wp\/v2\/product_tag?post=11798"}],"curies":[{"name":"wp","href":"https:\/\/api.w.org\/{rel}","templated":true}]}}