{"id":11796,"date":"2026-03-05T08:21:42","date_gmt":"2026-03-05T05:21:42","guid":{"rendered":"https:\/\/ozince.com\/magaza\/kategorilenmemis\/gmb-gat32330-vantilator-gergisi-linea-albea-doblo-fiorino-astra-corsa-combo-1-3jtd-komple\/"},"modified":"2026-03-05T08:21:42","modified_gmt":"2026-03-05T05:21:42","slug":"gmb-gat32330-vantilator-gergisi-linea-albea-doblo-fiorino-astra-corsa-combo-1-3jtd-komple","status":"publish","type":"product","link":"https:\/\/ozince.com\/magaza\/motor-mekanik-urunleri\/gmb-gat32330-vantilator-gergisi-linea-albea-doblo-fiorino-astra-corsa-combo-1-3jtd-komple\/","title":{"rendered":"GMB-GAT32330 VANT\u0130LAT\u00d6R GERG\u0130S\u0130 LINEA \/ ALBEA \/ DOBLO \/ FIOR\u0130NO \/ ASTRA \/ CORSA \/ COMBO 1.3JTD KOMPLE"},"content":{"rendered":"","protected":false},"excerpt":{"rendered":"","protected":false},"featured_media":0,"template":"","meta":[],"product_brand":[426],"product_cat":[298],"product_tag":[378],"class_list":{"0":"post-11796","1":"product","2":"type-product","3":"status-publish","5":"arac_markasi_modeli-corsa","6":"arac_markasi_modeli-opel","7":"product_brand-gmb","8":"product_cat-motor-mekanik-urunleri","9":"product_tag-altay","11":"first","12":"instock","13":"taxable","14":"shipping-taxable","15":"purchasable","16":"product-type-simple"},"jetpack_sharing_enabled":true,"_links":{"self":[{"href":"https:\/\/ozince.com\/magaza\/wp-json\/wp\/v2\/product\/11796","targetHints":{"allow":["GET"]}}],"collection":[{"href":"https:\/\/ozince.com\/magaza\/wp-json\/wp\/v2\/product"}],"about":[{"href":"https:\/\/ozince.com\/magaza\/wp-json\/wp\/v2\/types\/product"}],"wp:attachment":[{"href":"https:\/\/ozince.com\/magaza\/wp-json\/wp\/v2\/media?parent=11796"}],"wp:term":[{"taxonomy":"product_brand","embeddable":true,"href":"https:\/\/ozince.com\/magaza\/wp-json\/wp\/v2\/product_brand?post=11796"},{"taxonomy":"product_cat","embeddable":true,"href":"https:\/\/ozince.com\/magaza\/wp-json\/wp\/v2\/product_cat?post=11796"},{"taxonomy":"product_tag","embeddable":true,"href":"https:\/\/ozince.com\/magaza\/wp-json\/wp\/v2\/product_tag?post=11796"}],"curies":[{"name":"wp","href":"https:\/\/api.w.org\/{rel}","templated":true}]}}