{"id":11777,"date":"2026-04-07T08:26:11","date_gmt":"2026-04-07T05:26:11","guid":{"rendered":"https:\/\/ozince.com\/magaza\/kategorilenmemis\/mhr-38596-sinyal-lambasi-astra-95-on-sag\/"},"modified":"2026-04-07T08:26:12","modified_gmt":"2026-04-07T05:26:12","slug":"mhr-38596-sinyal-lambasi-astra-95-on-sag","status":"publish","type":"product","link":"https:\/\/ozince.com\/magaza\/dis-aydinlatma-urunleri\/mhr-38596-sinyal-lambasi-astra-95-on-sag\/","title":{"rendered":"MHR-38596 S\u0130NYAL LAMBASI ASTRA 95= \u00d6N SA\u011e"},"content":{"rendered":"","protected":false},"excerpt":{"rendered":"","protected":false},"featured_media":0,"template":"","meta":[],"product_brand":[288],"product_cat":[411],"product_tag":[378],"class_list":{"0":"post-11777","1":"product","2":"type-product","3":"status-publish","5":"arac_markasi_modeli-astra","6":"arac_markasi_modeli-opel","7":"product_brand-maher","8":"product_cat-dis-aydinlatma-urunleri","9":"product_tag-altay","11":"first","12":"outofstock","13":"taxable","14":"shipping-taxable","15":"purchasable","16":"product-type-simple"},"jetpack_sharing_enabled":true,"_links":{"self":[{"href":"https:\/\/ozince.com\/magaza\/wp-json\/wp\/v2\/product\/11777","targetHints":{"allow":["GET"]}}],"collection":[{"href":"https:\/\/ozince.com\/magaza\/wp-json\/wp\/v2\/product"}],"about":[{"href":"https:\/\/ozince.com\/magaza\/wp-json\/wp\/v2\/types\/product"}],"wp:attachment":[{"href":"https:\/\/ozince.com\/magaza\/wp-json\/wp\/v2\/media?parent=11777"}],"wp:term":[{"taxonomy":"product_brand","embeddable":true,"href":"https:\/\/ozince.com\/magaza\/wp-json\/wp\/v2\/product_brand?post=11777"},{"taxonomy":"product_cat","embeddable":true,"href":"https:\/\/ozince.com\/magaza\/wp-json\/wp\/v2\/product_cat?post=11777"},{"taxonomy":"product_tag","embeddable":true,"href":"https:\/\/ozince.com\/magaza\/wp-json\/wp\/v2\/product_tag?post=11777"}],"curies":[{"name":"wp","href":"https:\/\/api.w.org\/{rel}","templated":true}]}}